{"id":112,"date":"2026-02-26T09:56:29","date_gmt":"2026-02-26T09:56:29","guid":{"rendered":"https:\/\/maybro.es\/wordpress\/index.php\/workshops\/"},"modified":"2026-03-17T12:34:14","modified_gmt":"2026-03-17T12:34:14","slug":"servicios","status":"publish","type":"page","link":"https:\/\/maybro.es\/en\/servicios\/","title":{"rendered":"Services"},"content":{"rendered":"\t\t<div data-elementor-type=\"wp-page\" data-elementor-id=\"112\" class=\"elementor elementor-112\" data-elementor-post-type=\"page\">\n\t\t\t\t<div class=\"elementor-element elementor-element-b3fee88 e-con-full e-flex e-con e-parent\" data-id=\"b3fee88\" data-element_type=\"container\" data-e-type=\"container\">\n\t\t<div class=\"elementor-element elementor-element-74a392c1 e-con-full e-flex e-con e-child\" data-id=\"74a392c1\" data-element_type=\"container\" data-e-type=\"container\">\n\t\t<div class=\"elementor-element elementor-element-7ffe2541 e-con-full e-flex e-con e-child\" data-id=\"7ffe2541\" data-element_type=\"container\" data-e-type=\"container\">\n\t\t\t\t<div class=\"elementor-element elementor-element-16b88acc elementor-widget elementor-widget-heading\" data-id=\"16b88acc\" data-element_type=\"widget\" data-e-type=\"widget\" data-widget_type=\"heading.default\">\n\t\t\t\t\t<h1 class=\"elementor-heading-title elementor-size-default\">Servicios de inyecci\u00f3n de termopl\u00e1sticos para la industria<\/h1>\t\t\t\t<\/div>\n\t\t\t\t<div class=\"elementor-element elementor-element-67695bb6 elementor-widget__width-initial elementor-invisible elementor-widget elementor-widget-text-editor\" data-id=\"67695bb6\" data-element_type=\"widget\" data-e-type=\"widget\" data-settings=\"{&quot;_animation&quot;:&quot;fadeInDown&quot;}\" data-widget_type=\"text-editor.default\">\n\t\t\t\t\t\t\t\t\t<p>En Maybro ofrecemos soluciones productivas especializadas para empresas que necesitan un partner industrial fiable. Trabajamos como empresa auxiliar en la fabricaci\u00f3n de piezas pl\u00e1sticas t\u00e9cnicas, adapt\u00e1ndonos a los requisitos de cada cliente y sector.<\/p>\t\t\t\t\t\t\t\t<\/div>\n\t\t\t\t<\/div>\n\t\t\t\t<div class=\"elementor-element elementor-element-18c6cdad elementor-invisible elementor-widget elementor-widget-heading\" data-id=\"18c6cdad\" data-element_type=\"widget\" data-e-type=\"widget\" data-settings=\"{&quot;_animation&quot;:&quot;fadeInUp&quot;}\" data-widget_type=\"heading.default\">\n\t\t\t\t\t<span class=\"elementor-heading-title elementor-size-default\">servicios<\/span>\t\t\t\t<\/div>\n\t\t\t\t<\/div>\n\t\t<div class=\"elementor-element elementor-element-699e7148 e-con-full e-flex e-con e-child\" data-id=\"699e7148\" data-element_type=\"container\" data-e-type=\"container\" data-settings=\"{&quot;background_background&quot;:&quot;video&quot;,&quot;background_video_link&quot;:&quot;https:\\\/\\\/maybro.es\\\/wp-content\\\/uploads\\\/2026\\\/03\\\/WhatsApp-Video-2025-11-06-at-12.55.19-1.mp4&quot;,&quot;background_play_on_mobile&quot;:&quot;yes&quot;}\">\n\t\t<div class=\"elementor-background-video-container\">\n\t\t\t\t\t\t\t<video class=\"elementor-background-video-hosted\" role=\"presentation\" autoplay muted playsinline loop><\/video>\n\t\t\t\t\t<\/div>\t\t<div class=\"elementor-element elementor-element-c2f8211 elementor-widget elementor-widget-spacer\" data-id=\"c2f8211\" data-element_type=\"widget\" data-e-type=\"widget\" data-widget_type=\"spacer.default\">\n\t\t\t\t\t\t\t<div class=\"elementor-spacer\">\n\t\t\t<div class=\"elementor-spacer-inner\"><\/div>\n\t\t<\/div>\n\t\t\t\t\t\t<\/div>\n\t\t\t\t<\/div>\n\t\t\t\t<\/div>\n\t\t<div class=\"elementor-element elementor-element-23f61ecc e-con-full e-flex e-con e-parent\" data-id=\"23f61ecc\" data-element_type=\"container\" data-e-type=\"container\" id=\"Workshop_Learn_The_Basics\">\n\t\t<div class=\"elementor-element elementor-element-5ce23c7f e-con-full e-flex e-con e-child\" data-id=\"5ce23c7f\" data-element_type=\"container\" data-e-type=\"container\" data-settings=\"{&quot;background_background&quot;:&quot;classic&quot;}\">\n\t\t\t\t<\/div>\n\t\t<div class=\"elementor-element elementor-element-357f1d72 e-con-full e-flex e-con e-child\" data-id=\"357f1d72\" data-element_type=\"container\" data-e-type=\"container\">\n\t\t\t\t<div class=\"elementor-element elementor-element-7f9137f9 elementor-widget elementor-widget-heading\" data-id=\"7f9137f9\" data-element_type=\"widget\" data-e-type=\"widget\" data-widget_type=\"heading.default\">\n\t\t\t\t\t<h2 class=\"elementor-heading-title elementor-size-default\">Inyecci\u00f3n de termopl\u00e1sticos<\/h2>\t\t\t\t<\/div>\n\t\t\t\t<div class=\"elementor-element elementor-element-4d31c969 elementor-widget elementor-widget-text-editor\" data-id=\"4d31c969\" data-element_type=\"widget\" data-e-type=\"widget\" data-widget_type=\"text-editor.default\">\n\t\t\t\t\t\t\t\t\t<p>Somos especialistas en la fabricaci\u00f3n de piezas mediante inyecci\u00f3n de materiales termopl\u00e1sticos, desarrollando soluciones a medida para clientes de distintos sectores industriales. Nuestra experiencia como empresa auxiliar nos permite integrarnos en los procesos productivos de otras compa\u00f1\u00edas y aportar precisi\u00f3n, regularidad y fiabilidad en cada serie fabricada.<\/p><ul><li class=\"py-0 my-0 prose-p:pt-0 prose-p:mb-2 prose-p:my-0 [&amp;&gt;p]:pt-0 [&amp;&gt;p]:mb-2 [&amp;&gt;p]:my-0\"><p class=\"my-2 [&amp;+p]:mt-4 [&amp;_strong:has(+br)]:inline-block [&amp;_strong:has(+br)]:pb-2\">Fabricaci\u00f3n de piezas pl\u00e1sticas t\u00e9cnicas.<\/p><\/li><li class=\"py-0 my-0 prose-p:pt-0 prose-p:mb-2 prose-p:my-0 [&amp;&gt;p]:pt-0 [&amp;&gt;p]:mb-2 [&amp;&gt;p]:my-0\"><p class=\"my-2 [&amp;+p]:mt-4 [&amp;_strong:has(+br)]:inline-block [&amp;_strong:has(+br)]:pb-2\">Producci\u00f3n auxiliar para empresas industriales.<\/p><\/li><li class=\"py-0 my-0 prose-p:pt-0 prose-p:mb-2 prose-p:my-0 [&amp;&gt;p]:pt-0 [&amp;&gt;p]:mb-2 [&amp;&gt;p]:my-0\"><p class=\"my-2 [&amp;+p]:mt-4 [&amp;_strong:has(+br)]:inline-block [&amp;_strong:has(+br)]:pb-2\">Adaptaci\u00f3n a diferentes vol\u00famenes y necesidades productivas.<\/p><\/li><li class=\"py-0 my-0 prose-p:pt-0 prose-p:mb-2 prose-p:my-0 [&amp;&gt;p]:pt-0 [&amp;&gt;p]:mb-2 [&amp;&gt;p]:my-0\"><p class=\"my-2 [&amp;+p]:mt-4 [&amp;_strong:has(+br)]:inline-block [&amp;_strong:has(+br)]:pb-2\">Resultados homog\u00e9neos y consistentes.<\/p><\/li><\/ul>\t\t\t\t\t\t\t\t<\/div>\n\t\t\t\t<div class=\"elementor-element elementor-element-6963fb5f elementor-invisible elementor-widget elementor-widget-button\" data-id=\"6963fb5f\" data-element_type=\"widget\" data-e-type=\"widget\" data-settings=\"{&quot;_animation&quot;:&quot;fadeInDown&quot;}\" data-widget_type=\"button.default\">\n\t\t\t\t\t\t\t\t\t\t<a class=\"elementor-button elementor-button-link elementor-size-sm\" href=\"https:\/\/maybro.es\/contacto\/\">\n\t\t\t\t\t\t<span class=\"elementor-button-content-wrapper\">\n\t\t\t\t\t\t\t\t\t<span class=\"elementor-button-text\">solicitar informaci\u00f3n<\/span>\n\t\t\t\t\t<\/span>\n\t\t\t\t\t<\/a>\n\t\t\t\t\t\t\t\t<\/div>\n\t\t\t\t<\/div>\n\t\t\t\t<\/div>\n\t\t<div class=\"elementor-element elementor-element-5772747e e-con-full e-flex e-con e-parent\" data-id=\"5772747e\" data-element_type=\"container\" data-e-type=\"container\" id=\"Workshop_Master_The_Basics\">\n\t\t<div class=\"elementor-element elementor-element-790b93f e-con-full e-flex e-con e-child\" data-id=\"790b93f\" data-element_type=\"container\" data-e-type=\"container\" data-settings=\"{&quot;background_background&quot;:&quot;classic&quot;}\">\n\t\t\t\t<\/div>\n\t\t<div class=\"elementor-element elementor-element-43d875b7 e-con-full e-flex e-con e-child\" data-id=\"43d875b7\" data-element_type=\"container\" data-e-type=\"container\">\n\t\t\t\t<div class=\"elementor-element elementor-element-1d2553af elementor-widget elementor-widget-heading\" data-id=\"1d2553af\" data-element_type=\"widget\" data-e-type=\"widget\" data-widget_type=\"heading.default\">\n\t\t\t\t\t<h2 class=\"elementor-heading-title elementor-size-default\">Soluciones para envase y sectores industriales<\/h2>\t\t\t\t<\/div>\n\t\t\t\t<div class=\"elementor-element elementor-element-18a64f9e elementor-widget__width-initial elementor-widget elementor-widget-text-editor\" data-id=\"18a64f9e\" data-element_type=\"widget\" data-e-type=\"widget\" data-widget_type=\"text-editor.default\">\n\t\t\t\t\t\t\t\t\t<p>Dentro de nuestra actividad, contamos con una especializaci\u00f3n destacada en soluciones de envase, trabajando en proyectos vinculados a preformas PET. Adem\u00e1s, nuestra experiencia nos permite fabricar para otros sectores como:<\/p><ul><li class=\"py-0 my-0 prose-p:pt-0 prose-p:mb-2 prose-p:my-0 [&amp;&gt;p]:pt-0 [&amp;&gt;p]:mb-2 [&amp;&gt;p]:my-0\"><p class=\"my-2 [&amp;+p]:mt-4 [&amp;_strong:has(+br)]:inline-block [&amp;_strong:has(+br)]:pb-2\">\u00a0Preformas PET.<\/p><\/li><li class=\"py-0 my-0 prose-p:pt-0 prose-p:mb-2 prose-p:my-0 [&amp;&gt;p]:pt-0 [&amp;&gt;p]:mb-2 [&amp;&gt;p]:my-0\"><p class=\"my-2 [&amp;+p]:mt-4 [&amp;_strong:has(+br)]:inline-block [&amp;_strong:has(+br)]:pb-2\">\u00a0Envases para alimentaci\u00f3n.<\/p><\/li><li class=\"py-0 my-0 prose-p:pt-0 prose-p:mb-2 prose-p:my-0 [&amp;&gt;p]:pt-0 [&amp;&gt;p]:mb-2 [&amp;&gt;p]:my-0\"><p class=\"my-2 [&amp;+p]:mt-4 [&amp;_strong:has(+br)]:inline-block [&amp;_strong:has(+br)]:pb-2\">\u00a0Alimentaci\u00f3n.<\/p><\/li><li class=\"py-0 my-0 prose-p:pt-0 prose-p:mb-2 prose-p:my-0 [&amp;&gt;p]:pt-0 [&amp;&gt;p]:mb-2 [&amp;&gt;p]:my-0\"><p class=\"my-2 [&amp;+p]:mt-4 [&amp;_strong:has(+br)]:inline-block [&amp;_strong:has(+br)]:pb-2\">\u00a0Cosm\u00e9tica.<\/p><\/li><li class=\"py-0 my-0 prose-p:pt-0 prose-p:mb-2 prose-p:my-0 [&amp;&gt;p]:pt-0 [&amp;&gt;p]:mb-2 [&amp;&gt;p]:my-0\"><p class=\"my-2 [&amp;+p]:mt-4 [&amp;_strong:has(+br)]:inline-block [&amp;_strong:has(+br)]:pb-2\">\u00a0Productos qu\u00edmicos.<\/p><\/li><li class=\"py-0 my-0 prose-p:pt-0 prose-p:mb-2 prose-p:my-0 [&amp;&gt;p]:pt-0 [&amp;&gt;p]:mb-2 [&amp;&gt;p]:my-0\"><p class=\"my-2 [&amp;+p]:mt-4 [&amp;_strong:has(+br)]:inline-block [&amp;_strong:has(+br)]:pb-2\">\u00a0Energ\u00edas renovables.<\/p><\/li><li class=\"py-0 my-0 prose-p:pt-0 prose-p:mb-2 prose-p:my-0 [&amp;&gt;p]:pt-0 [&amp;&gt;p]:mb-2 [&amp;&gt;p]:my-0\"><p class=\"my-2 [&amp;+p]:mt-4 [&amp;_strong:has(+br)]:inline-block [&amp;_strong:has(+br)]:pb-2\">\u00a0Iluminaci\u00f3n.<\/p><\/li><li class=\"py-0 my-0 prose-p:pt-0 prose-p:mb-2 prose-p:my-0 [&amp;&gt;p]:pt-0 [&amp;&gt;p]:mb-2 [&amp;&gt;p]:my-0\"><p class=\"my-2 [&amp;+p]:mt-4 [&amp;_strong:has(+br)]:inline-block [&amp;_strong:has(+br)]:pb-2\">\u00a0Menaje.<\/p><\/li><li class=\"py-0 my-0 prose-p:pt-0 prose-p:mb-2 prose-p:my-0 [&amp;&gt;p]:pt-0 [&amp;&gt;p]:mb-2 [&amp;&gt;p]:my-0\"><p class=\"my-2 [&amp;+p]:mt-4 [&amp;_strong:has(+br)]:inline-block [&amp;_strong:has(+br)]:pb-2\">\u00a0Jugueter\u00eda.<\/p><\/li><\/ul>\t\t\t\t\t\t\t\t<\/div>\n\t\t\t\t<div class=\"elementor-element elementor-element-379a80e5 elementor-invisible elementor-widget elementor-widget-button\" data-id=\"379a80e5\" data-element_type=\"widget\" data-e-type=\"widget\" data-settings=\"{&quot;_animation&quot;:&quot;fadeInDown&quot;}\" data-widget_type=\"button.default\">\n\t\t\t\t\t\t\t\t\t\t<a class=\"elementor-button elementor-button-link elementor-size-sm\" href=\"https:\/\/maybro.es\/contacto\/\">\n\t\t\t\t\t\t<span class=\"elementor-button-content-wrapper\">\n\t\t\t\t\t\t\t\t\t<span class=\"elementor-button-text\">Solicitar informaci\u00f3n<\/span>\n\t\t\t\t\t<\/span>\n\t\t\t\t\t<\/a>\n\t\t\t\t\t\t\t\t<\/div>\n\t\t\t\t<\/div>\n\t\t\t\t<\/div>\n\t\t<div class=\"elementor-element elementor-element-4363dd09 e-con-full e-flex e-con e-parent\" data-id=\"4363dd09\" data-element_type=\"container\" data-e-type=\"container\" id=\"Workshop_Be_Ceramic_Superhero\">\n\t\t<div class=\"elementor-element elementor-element-5e8e7e48 e-con-full e-flex e-con e-child\" data-id=\"5e8e7e48\" data-element_type=\"container\" data-e-type=\"container\" data-settings=\"{&quot;background_background&quot;:&quot;classic&quot;}\">\n\t\t\t\t<\/div>\n\t\t<div class=\"elementor-element elementor-element-1a0b011 e-con-full e-flex e-con e-child\" data-id=\"1a0b011\" data-element_type=\"container\" data-e-type=\"container\">\n\t\t\t\t<div class=\"elementor-element elementor-element-6adb0d4a elementor-widget elementor-widget-heading\" data-id=\"6adb0d4a\" data-element_type=\"widget\" data-e-type=\"widget\" data-widget_type=\"heading.default\">\n\t\t\t\t\t<h2 class=\"elementor-heading-title elementor-size-default\">Tecnolog\u00eda productiva avanzada\n<\/h2>\t\t\t\t<\/div>\n\t\t\t\t<div class=\"elementor-element elementor-element-35b72a7d elementor-widget elementor-widget-text-editor\" data-id=\"35b72a7d\" data-element_type=\"widget\" data-e-type=\"widget\" data-widget_type=\"text-editor.default\">\n\t\t\t\t\t\t\t\t\t<p>Disponemos de un parque de 14 m\u00e1quinas de inyecci\u00f3n robotizadas con capacidades desde 22 hasta 450 toneladas, lo que nos permite fabricar piezas de distintos tama\u00f1os y complejidades manteniendo un alto nivel de precisi\u00f3n y calidad. Esta capacidad t\u00e9cnica nos ayuda a optimizar procesos, mejorar la eficiencia productiva y responder con flexibilidad a los requerimientos de cada cliente. Adaptaci\u00f3n a diferentes materiales termopl\u00e1sticos.<\/p>\t\t\t\t\t\t\t\t<\/div>\n\t\t\t\t<div class=\"elementor-element elementor-element-16f9a5c5 elementor-invisible elementor-widget elementor-widget-button\" data-id=\"16f9a5c5\" data-element_type=\"widget\" data-e-type=\"widget\" data-settings=\"{&quot;_animation&quot;:&quot;fadeInDown&quot;}\" data-widget_type=\"button.default\">\n\t\t\t\t\t\t\t\t\t\t<a class=\"elementor-button elementor-button-link elementor-size-sm\" href=\"https:\/\/maybro.es\/contacto\/\">\n\t\t\t\t\t\t<span class=\"elementor-button-content-wrapper\">\n\t\t\t\t\t\t\t\t\t<span class=\"elementor-button-text\">Solicitar informaci\u00f3n<\/span>\n\t\t\t\t\t<\/span>\n\t\t\t\t\t<\/a>\n\t\t\t\t\t\t\t\t<\/div>\n\t\t\t\t<\/div>\n\t\t\t\t<\/div>\n\t\t<div class=\"elementor-element elementor-element-22112c3 e-con-full e-flex e-con e-parent\" data-id=\"22112c3\" data-element_type=\"container\" data-e-type=\"container\">\n\t\t<div class=\"elementor-element elementor-element-77ea5864 e-con-full e-flex e-con e-child\" data-id=\"77ea5864\" data-element_type=\"container\" data-e-type=\"container\" data-settings=\"{&quot;background_background&quot;:&quot;classic&quot;}\">\n\t\t\t\t<\/div>\n\t\t<div class=\"elementor-element elementor-element-20b17323 e-con-full e-flex e-con e-child\" data-id=\"20b17323\" data-element_type=\"container\" data-e-type=\"container\">\n\t\t\t\t<div class=\"elementor-element elementor-element-3be8b162 elementor-widget elementor-widget-heading\" data-id=\"3be8b162\" data-element_type=\"widget\" data-e-type=\"widget\" data-widget_type=\"heading.default\">\n\t\t\t\t\t<h2 class=\"elementor-heading-title elementor-size-default\">Log\u00edstica integral\n\n<\/h2>\t\t\t\t<\/div>\n\t\t\t\t<div class=\"elementor-element elementor-element-45e4497 elementor-widget elementor-widget-text-editor\" data-id=\"45e4497\" data-element_type=\"widget\" data-e-type=\"widget\" data-widget_type=\"text-editor.default\">\n\t\t\t\t\t\t\t\t\t<p class=\"my-2 [&amp;+p]:mt-4 [&amp;_strong:has(+br)]:inline-block [&amp;_strong:has(+br)]:pb-2\">Complementamos el proceso productivo con servicios log\u00edsticos que aportan valor a\u00f1adido y facilitan la operativa de nuestros clientes. Nos encargamos del empaquetado, la preparaci\u00f3n de pedidos, el almacenamiento del producto y la gesti\u00f3n de entregas mediante flota propia y subcontratada, ofreciendo una respuesta flexible seg\u00fan las necesidades de suministro.<\/p>\t\t\t\t\t\t\t\t<\/div>\n\t\t\t\t<div class=\"elementor-element elementor-element-137af237 elementor-invisible elementor-widget elementor-widget-button\" data-id=\"137af237\" data-element_type=\"widget\" data-e-type=\"widget\" data-settings=\"{&quot;_animation&quot;:&quot;fadeInDown&quot;}\" data-widget_type=\"button.default\">\n\t\t\t\t\t\t\t\t\t\t<a class=\"elementor-button elementor-button-link elementor-size-sm\" href=\"https:\/\/maybro.es\/contacto\/\">\n\t\t\t\t\t\t<span class=\"elementor-button-content-wrapper\">\n\t\t\t\t\t\t\t\t\t<span class=\"elementor-button-text\">Solicitar informaci\u00f3n<\/span>\n\t\t\t\t\t<\/span>\n\t\t\t\t\t<\/a>\n\t\t\t\t\t\t\t\t<\/div>\n\t\t\t\t<\/div>\n\t\t\t\t<\/div>\n\t\t\t\t<\/div>\n\t\t","protected":false},"excerpt":{"rendered":"<p>Servicios de inyecci\u00f3n de termopl\u00e1sticos para la industria En Maybro ofrecemos soluciones productivas especializadas para empresas que necesitan un partner industrial fiable. Trabajamos como empresa auxiliar en la fabricaci\u00f3n de piezas pl\u00e1sticas t\u00e9cnicas, adapt\u00e1ndonos a los requisitos de cada cliente y sector. servicios Inyecci\u00f3n de termopl\u00e1sticos Somos especialistas en la fabricaci\u00f3n de piezas mediante inyecci\u00f3n [&hellip;]<\/p>\n","protected":false},"author":1,"featured_media":0,"parent":0,"menu_order":0,"comment_status":"closed","ping_status":"closed","template":"elementor_header_footer","meta":{"footnotes":""},"class_list":["post-112","page","type-page","status-publish","hentry"],"yoast_head":"<!-- This site is optimized with the Yoast SEO plugin v27.2 - https:\/\/yoast.com\/product\/yoast-seo-wordpress\/ -->\n<title>Servicios - Juguetes Maybro, S.L.<\/title>\n<meta name=\"description\" content=\"En Maybro ofrecemos soluciones productivas especializadas para empresas que necesitan un partner industrial fiable. Trabajamos como empresa auxiliar en la fabricaci\u00f3n de piezas pl\u00e1sticas t\u00e9cnicas, adapt\u00e1ndonos a los requisitos de cada cliente y sector.\" \/>\n<meta name=\"robots\" content=\"index, follow, max-snippet:-1, max-image-preview:large, max-video-preview:-1\" \/>\n<link rel=\"canonical\" href=\"https:\/\/maybro.es\/en\/servicios\/\" \/>\n<meta property=\"og:locale\" content=\"en_GB\" \/>\n<meta property=\"og:type\" content=\"article\" \/>\n<meta property=\"og:title\" content=\"Servicios - Juguetes Maybro, S.L.\" \/>\n<meta property=\"og:description\" content=\"En Maybro ofrecemos soluciones productivas especializadas para empresas que necesitan un partner industrial fiable. Trabajamos como empresa auxiliar en la fabricaci\u00f3n de piezas pl\u00e1sticas t\u00e9cnicas, adapt\u00e1ndonos a los requisitos de cada cliente y sector.\" \/>\n<meta property=\"og:url\" content=\"https:\/\/maybro.es\/en\/servicios\/\" \/>\n<meta property=\"og:site_name\" content=\"Juguetes Maybro, S.L.\" \/>\n<meta property=\"article:modified_time\" content=\"2026-03-17T12:34:14+00:00\" \/>\n<meta name=\"twitter:card\" content=\"summary_large_image\" \/>\n<meta name=\"twitter:label1\" content=\"Estimated reading time\" \/>\n\t<meta name=\"twitter:data1\" content=\"2 minutes\" \/>\n<script type=\"application\/ld+json\" class=\"yoast-schema-graph\">{\"@context\":\"https:\/\/schema.org\",\"@graph\":[{\"@type\":\"WebPage\",\"@id\":\"https:\/\/maybro.es\/servicios\/\",\"url\":\"https:\/\/maybro.es\/servicios\/\",\"name\":\"Servicios - Juguetes Maybro, S.L.\",\"isPartOf\":{\"@id\":\"https:\/\/maybro.es\/#website\"},\"datePublished\":\"2026-02-26T09:56:29+00:00\",\"dateModified\":\"2026-03-17T12:34:14+00:00\",\"description\":\"En Maybro ofrecemos soluciones productivas especializadas para empresas que necesitan un partner industrial fiable. Trabajamos como empresa auxiliar en la fabricaci\u00f3n de piezas pl\u00e1sticas t\u00e9cnicas, adapt\u00e1ndonos a los requisitos de cada cliente y sector.\",\"breadcrumb\":{\"@id\":\"https:\/\/maybro.es\/servicios\/#breadcrumb\"},\"inLanguage\":\"en-GB\",\"potentialAction\":[{\"@type\":\"ReadAction\",\"target\":[\"https:\/\/maybro.es\/servicios\/\"]}]},{\"@type\":\"BreadcrumbList\",\"@id\":\"https:\/\/maybro.es\/servicios\/#breadcrumb\",\"itemListElement\":[{\"@type\":\"ListItem\",\"position\":1,\"name\":\"Portada\",\"item\":\"https:\/\/maybro.es\/\"},{\"@type\":\"ListItem\",\"position\":2,\"name\":\"Servicios\"}]},{\"@type\":\"WebSite\",\"@id\":\"https:\/\/maybro.es\/#website\",\"url\":\"https:\/\/maybro.es\/\",\"name\":\"Juguetes Maybro, S.L.\",\"description\":\"\",\"publisher\":{\"@id\":\"https:\/\/maybro.es\/#organization\"},\"potentialAction\":[{\"@type\":\"SearchAction\",\"target\":{\"@type\":\"EntryPoint\",\"urlTemplate\":\"https:\/\/maybro.es\/?s={search_term_string}\"},\"query-input\":{\"@type\":\"PropertyValueSpecification\",\"valueRequired\":true,\"valueName\":\"search_term_string\"}}],\"inLanguage\":\"en-GB\"},{\"@type\":\"Organization\",\"@id\":\"https:\/\/maybro.es\/#organization\",\"name\":\"Juguetes Maybro, S.L.\",\"url\":\"https:\/\/maybro.es\/\",\"logo\":{\"@type\":\"ImageObject\",\"inLanguage\":\"en-GB\",\"@id\":\"https:\/\/maybro.es\/#\/schema\/logo\/image\/\",\"url\":\"https:\/\/maybro.es\/wp-content\/uploads\/2026\/02\/LOGO-MAYBRO-b-n.png\",\"contentUrl\":\"https:\/\/maybro.es\/wp-content\/uploads\/2026\/02\/LOGO-MAYBRO-b-n.png\",\"width\":480,\"height\":266,\"caption\":\"Juguetes Maybro, S.L.\"},\"image\":{\"@id\":\"https:\/\/maybro.es\/#\/schema\/logo\/image\/\"}}]}<\/script>\n<!-- \/ Yoast SEO plugin. -->","yoast_head_json":{"title":"Servicios - Juguetes Maybro, S.L.","description":"At Maybro, we offer specialised manufacturing solutions for companies in need of a reliable industrial partner. We operate as a subcontractor in the manufacture of technical plastic components, tailoring our services to the specific requirements of each client and sector.","robots":{"index":"index","follow":"follow","max-snippet":"max-snippet:-1","max-image-preview":"max-image-preview:large","max-video-preview":"max-video-preview:-1"},"canonical":"https:\/\/maybro.es\/en\/servicios\/","og_locale":"en_GB","og_type":"article","og_title":"Servicios - Juguetes Maybro, S.L.","og_description":"En Maybro ofrecemos soluciones productivas especializadas para empresas que necesitan un partner industrial fiable. Trabajamos como empresa auxiliar en la fabricaci\u00f3n de piezas pl\u00e1sticas t\u00e9cnicas, adapt\u00e1ndonos a los requisitos de cada cliente y sector.","og_url":"https:\/\/maybro.es\/en\/servicios\/","og_site_name":"Juguetes Maybro, S.L.","article_modified_time":"2026-03-17T12:34:14+00:00","twitter_card":"summary_large_image","twitter_misc":{"Estimated reading time":"2 minutes"},"schema":{"@context":"https:\/\/schema.org","@graph":[{"@type":"WebPage","@id":"https:\/\/maybro.es\/servicios\/","url":"https:\/\/maybro.es\/servicios\/","name":"Servicios - Juguetes Maybro, S.L.","isPartOf":{"@id":"https:\/\/maybro.es\/#website"},"datePublished":"2026-02-26T09:56:29+00:00","dateModified":"2026-03-17T12:34:14+00:00","description":"At Maybro, we offer specialised manufacturing solutions for companies in need of a reliable industrial partner. We operate as a subcontractor in the manufacture of technical plastic components, tailoring our services to the specific requirements of each client and sector.","breadcrumb":{"@id":"https:\/\/maybro.es\/servicios\/#breadcrumb"},"inLanguage":"en-GB","potentialAction":[{"@type":"ReadAction","target":["https:\/\/maybro.es\/servicios\/"]}]},{"@type":"BreadcrumbList","@id":"https:\/\/maybro.es\/servicios\/#breadcrumb","itemListElement":[{"@type":"ListItem","position":1,"name":"Portada","item":"https:\/\/maybro.es\/"},{"@type":"ListItem","position":2,"name":"Servicios"}]},{"@type":"WebSite","@id":"https:\/\/maybro.es\/#website","url":"https:\/\/maybro.es\/","name":"Juguetes Maybro, S.L.","description":"","publisher":{"@id":"https:\/\/maybro.es\/#organization"},"potentialAction":[{"@type":"SearchAction","target":{"@type":"EntryPoint","urlTemplate":"https:\/\/maybro.es\/?s={search_term_string}"},"query-input":{"@type":"PropertyValueSpecification","valueRequired":true,"valueName":"search_term_string"}}],"inLanguage":"en-GB"},{"@type":"Organization","@id":"https:\/\/maybro.es\/#organization","name":"Juguetes Maybro, S.L.","url":"https:\/\/maybro.es\/","logo":{"@type":"ImageObject","inLanguage":"en-GB","@id":"https:\/\/maybro.es\/#\/schema\/logo\/image\/","url":"https:\/\/maybro.es\/wp-content\/uploads\/2026\/02\/LOGO-MAYBRO-b-n.png","contentUrl":"https:\/\/maybro.es\/wp-content\/uploads\/2026\/02\/LOGO-MAYBRO-b-n.png","width":480,"height":266,"caption":"Juguetes Maybro, S.L."},"image":{"@id":"https:\/\/maybro.es\/#\/schema\/logo\/image\/"}}]}},"_links":{"self":[{"href":"https:\/\/maybro.es\/en\/wp-json\/wp\/v2\/pages\/112","targetHints":{"allow":["GET"]}}],"collection":[{"href":"https:\/\/maybro.es\/en\/wp-json\/wp\/v2\/pages"}],"about":[{"href":"https:\/\/maybro.es\/en\/wp-json\/wp\/v2\/types\/page"}],"author":[{"embeddable":true,"href":"https:\/\/maybro.es\/en\/wp-json\/wp\/v2\/users\/1"}],"replies":[{"embeddable":true,"href":"https:\/\/maybro.es\/en\/wp-json\/wp\/v2\/comments?post=112"}],"version-history":[{"count":68,"href":"https:\/\/maybro.es\/en\/wp-json\/wp\/v2\/pages\/112\/revisions"}],"predecessor-version":[{"id":569,"href":"https:\/\/maybro.es\/en\/wp-json\/wp\/v2\/pages\/112\/revisions\/569"}],"wp:attachment":[{"href":"https:\/\/maybro.es\/en\/wp-json\/wp\/v2\/media?parent=112"}],"curies":[{"name":"wp","href":"https:\/\/api.w.org\/{rel}","templated":true}]}}