{"id":121,"date":"2026-02-26T09:56:31","date_gmt":"2026-02-26T09:56:31","guid":{"rendered":"https:\/\/maybro.es\/wordpress\/index.php\/about-us\/"},"modified":"2026-03-17T10:19:46","modified_gmt":"2026-03-17T10:19:46","slug":"sobre-nosotros","status":"publish","type":"page","link":"https:\/\/maybro.es\/en\/sobre-nosotros\/","title":{"rendered":"About us"},"content":{"rendered":"<div data-elementor-type=\"wp-page\" data-elementor-id=\"121\" class=\"elementor elementor-121\" data-elementor-post-type=\"page\">\n\t\t\t\t<div class=\"elementor-element elementor-element-19ef1803 e-con-full e-flex e-con e-parent\" data-id=\"19ef1803\" data-element_type=\"container\" data-e-type=\"container\">\n\t\t<div class=\"elementor-element elementor-element-1324e3b6 e-con-full e-flex e-con e-child\" data-id=\"1324e3b6\" data-element_type=\"container\" data-e-type=\"container\">\n\t\t<div class=\"elementor-element elementor-element-1cadb05f e-con-full e-flex e-con e-child\" data-id=\"1cadb05f\" data-element_type=\"container\" data-e-type=\"container\">\n\t\t\t\t<div class=\"elementor-element elementor-element-30fbb45e elementor-widget elementor-widget-heading\" data-id=\"30fbb45e\" data-element_type=\"widget\" data-e-type=\"widget\" data-widget_type=\"heading.default\">\n\t\t\t\t\t<h1 class=\"elementor-heading-title elementor-size-default\">Over 30 years of growing alongside our customers<\/h1>\t\t\t\t<\/div>\n\t\t\t\t<div class=\"elementor-element elementor-element-1a58cb49 elementor-widget__width-initial elementor-invisible elementor-widget elementor-widget-text-editor\" data-id=\"1a58cb49\" data-element_type=\"widget\" data-e-type=\"widget\" data-settings=\"{&quot;_animation&quot;:&quot;fadeInDown&quot;}\" data-widget_type=\"text-editor.default\">\n\t\t\t\t\t\t\t\t\t<p>Today, we are a trusted industrial partner for companies seeking a reliable, responsive subcontractor specialising in the injection moulding of engineering plastics.<\/p>\t\t\t\t\t\t\t\t<\/div>\n\t\t\t\t<\/div>\n\t\t\t\t<div class=\"elementor-element elementor-element-1ceac7c0 elementor-invisible elementor-widget elementor-widget-heading\" data-id=\"1ceac7c0\" data-element_type=\"widget\" data-e-type=\"widget\" data-settings=\"{&quot;_animation&quot;:&quot;fadeInUp&quot;}\" data-widget_type=\"heading.default\">\n\t\t\t\t\t<span class=\"elementor-heading-title elementor-size-default\">About us<\/span>\t\t\t\t<\/div>\n\t\t\t\t<\/div>\n\t\t<div class=\"elementor-element elementor-element-3d423c1b e-con-full e-flex e-con e-child\" data-id=\"3d423c1b\" data-element_type=\"container\" data-e-type=\"container\" data-settings=\"{&quot;background_background&quot;:&quot;classic&quot;}\">\n\t\t\t\t<\/div>\n\t\t\t\t<\/div>\n\t\t<div class=\"elementor-element elementor-element-6d796fa4 e-con-full e-flex e-con e-parent\" data-id=\"6d796fa4\" data-element_type=\"container\" data-e-type=\"container\">\n\t\t<div class=\"elementor-element elementor-element-120bfebc e-con-full e-flex e-con e-child\" data-id=\"120bfebc\" data-element_type=\"container\" data-e-type=\"container\" data-settings=\"{&quot;background_background&quot;:&quot;classic&quot;}\">\n\t\t\t\t<\/div>\n\t\t<div class=\"elementor-element elementor-element-358ca1a6 e-con-full e-flex e-con e-child\" data-id=\"358ca1a6\" data-element_type=\"container\" data-e-type=\"container\">\n\t\t\t\t<div class=\"elementor-element elementor-element-f555ea7 elementor-widget elementor-widget-heading\" data-id=\"f555ea7\" data-element_type=\"widget\" data-e-type=\"widget\" data-widget_type=\"heading.default\">\n\t\t\t\t\t<h2 class=\"elementor-heading-title elementor-size-default\">Family tradition and technological progress<\/h2>\t\t\t\t<\/div>\n\t\t\t\t<div class=\"elementor-element elementor-element-65dd65ce elementor-widget elementor-widget-text-editor\" data-id=\"65dd65ce\" data-element_type=\"widget\" data-e-type=\"widget\" data-widget_type=\"text-editor.default\">\n\t\t\t\t\t\t\t\t\t<p>Maybro began as a family-run business specialising in the processing of thermoplastic materials. Since our inception, we have been committed to building close relationships with our customers, maintaining a high standard of professionalism and continuously improving our production processes.<\/p><p>For over three decades, at Maybro we have been incorporating new technologies, automated systems and state-of-the-art thermoplastic materials. This constant evolution enables us to meet the demands of increasingly competitive industrial sectors.<\/p><p>Our growth has always been closely linked to our customers\u2019 needs. Working alongside them, we have developed efficient production solutions, optimising processes, lead times and costs without compromising on the quality or reliability of each component.<br \/>The result is a working model that combines the experience of a family business with a modern industrial vision, focused on continuous improvement and long-term collaboration.<\/p>\t\t\t\t\t\t\t\t<\/div>\n\t\t\t\t<\/div>\n\t\t\t\t<\/div>\n\t\t<div class=\"elementor-element elementor-element-1f7a8d9f e-con-full e-flex e-con e-parent\" data-id=\"1f7a8d9f\" data-element_type=\"container\" data-e-type=\"container\">\n\t\t\t\t<div class=\"elementor-element elementor-element-197f8eca elementor-widget elementor-widget-heading\" data-id=\"197f8eca\" data-element_type=\"widget\" data-e-type=\"widget\" data-widget_type=\"heading.default\">\n\t\t\t\t\t<span class=\"elementor-heading-title elementor-size-default\">The team behind the production<\/span>\t\t\t\t<\/div>\n\t\t\t\t<div class=\"elementor-element elementor-element-13071d6 elementor-widget elementor-widget-text-editor\" data-id=\"13071d6\" data-element_type=\"widget\" data-e-type=\"widget\" data-widget_type=\"text-editor.default\">\n\t\t\t\t\t\t\t\t\t<p>Behind our machines is a team with extensive experience in thermoplastic injection moulding. Technicians, operators and quality control staff work together to ensure that every order meets the specifications agreed with the customer.<\/p>\t\t\t\t\t\t\t\t<\/div>\n\t\t<div class=\"elementor-element elementor-element-146f7095 e-con-full e-flex e-con e-child\" data-id=\"146f7095\" data-element_type=\"container\" data-e-type=\"container\">\n\t\t\t\t<div class=\"elementor-element elementor-element-15ae3bcd elementor-widget-tablet__width-initial elementor-widget-mobile__width-inherit elementor-position-top elementor-widget elementor-widget-image-box\" data-id=\"15ae3bcd\" data-element_type=\"widget\" data-e-type=\"widget\" data-widget_type=\"image-box.default\">\n\t\t\t\t\t<div class=\"elementor-image-box-wrapper\"><figure class=\"elementor-image-box-img\"><img decoding=\"async\" src=\"https:\/\/maybro.es\/wp-content\/uploads\/elementor\/thumbs\/produccionmaybro-rkhpgbuh2fs38c0bc0q8ytwnf4uyszyorwtcdl8qe8.png\" title=\"produccionmaybro\" alt=\"produccionmaybro\" class=\"elementor-animation-sink\" loading=\"lazy\" \/><\/figure><div class=\"elementor-image-box-content\"><h3 class=\"elementor-image-box-title\">Production<\/h3><p class=\"elementor-image-box-description\">\n<\/p><\/div><\/div>\t\t\t\t<\/div>\n\t\t\t\t<div class=\"elementor-element elementor-element-6230e63d elementor-widget-tablet__width-initial elementor-widget-mobile__width-inherit elementor-position-top elementor-widget elementor-widget-image-box\" data-id=\"6230e63d\" data-element_type=\"widget\" data-e-type=\"widget\" data-widget_type=\"image-box.default\">\n\t\t\t\t\t<div class=\"elementor-image-box-wrapper\"><figure class=\"elementor-image-box-img\"><img decoding=\"async\" src=\"https:\/\/maybro.es\/wp-content\/uploads\/elementor\/thumbs\/controlcalidad-rjql1wgv9hhu15yr51yxbx2ij4uaoh7cpg7hj74q74.jpg\" title=\"controlcalidad\" alt=\"controlcalidad\" class=\"elementor-animation-sink\" loading=\"lazy\" \/><\/figure><div class=\"elementor-image-box-content\"><h3 class=\"elementor-image-box-title\">Quality control<\/h3><\/div><\/div>\t\t\t\t<\/div>\n\t\t\t\t<div class=\"elementor-element elementor-element-35b6758f elementor-widget-tablet__width-initial elementor-widget-mobile__width-inherit elementor-position-top elementor-position-top elementor-widget elementor-widget-image-box\" data-id=\"35b6758f\" data-element_type=\"widget\" data-e-type=\"widget\" data-widget_type=\"image-box.default\">\n\t\t\t\t\t<div class=\"elementor-image-box-wrapper\"><figure class=\"elementor-image-box-img\"><img decoding=\"async\" src=\"https:\/\/maybro.es\/wp-content\/uploads\/elementor\/thumbs\/057c1571-eddd-4e91-b6e4-5af3594b5b26-rjwwrglik7c3a2jx5ht7sajvf446bmy1rlmoj8j15s.jpg\" title=\"log\u00edstica2\" alt=\"log\u00edstica2\" class=\"elementor-animation-sink\" loading=\"lazy\" \/><\/figure><div class=\"elementor-image-box-content\"><h3 class=\"elementor-image-box-title\">Logistics<\/h3><p class=\"elementor-image-box-description\">\n<\/p><\/div><\/div>\t\t\t\t<\/div>\n\t\t\t\t<\/div>\n\t\t\t\t<\/div>\n\t\t\t\t<\/div>","protected":false},"excerpt":{"rendered":"<p>M\u00e1s de 30 a\u00f1os evolucionando junto a nuestros clientes Hoy somos un socio industrial de confianza para empresas que necesitan un proveedor auxiliar s\u00f3lido, \u00e1gil y especializado en inyecci\u00f3n de pl\u00e1sticos t\u00e9cnicos. sobre nosotros Tradici\u00f3n familiar y evoluci\u00f3n tecnol\u00f3gica Maybro nace como una empresa familiar especializada en la transformaci\u00f3n de materiales termopl\u00e1sticos. Desde nuestros inicios [&hellip;]<\/p>\n","protected":false},"author":1,"featured_media":0,"parent":0,"menu_order":0,"comment_status":"closed","ping_status":"closed","template":"elementor_header_footer","meta":{"footnotes":""},"class_list":["post-121","page","type-page","status-publish","hentry"],"yoast_head":"<!-- This site is optimized with the Yoast SEO plugin v27.2 - https:\/\/yoast.com\/product\/yoast-seo-wordpress\/ -->\n<title>Sobre nosotros - Juguetes Maybro, S.L.<\/title>\n<meta name=\"description\" content=\"Hoy somos un socio industrial de confianza para empresas que necesitan un proveedor auxiliar s\u00f3lido, \u00e1gil y especializado en inyecci\u00f3n de pl\u00e1sticos t\u00e9cnicos.\" \/>\n<meta name=\"robots\" content=\"index, follow, max-snippet:-1, max-image-preview:large, max-video-preview:-1\" \/>\n<link rel=\"canonical\" href=\"https:\/\/maybro.es\/en\/sobre-nosotros\/\" \/>\n<meta property=\"og:locale\" content=\"en_GB\" \/>\n<meta property=\"og:type\" content=\"article\" \/>\n<meta property=\"og:title\" content=\"Sobre nosotros - Juguetes Maybro, S.L.\" \/>\n<meta property=\"og:description\" content=\"Hoy somos un socio industrial de confianza para empresas que necesitan un proveedor auxiliar s\u00f3lido, \u00e1gil y especializado en inyecci\u00f3n de pl\u00e1sticos t\u00e9cnicos.\" \/>\n<meta property=\"og:url\" content=\"https:\/\/maybro.es\/en\/sobre-nosotros\/\" \/>\n<meta property=\"og:site_name\" content=\"Juguetes Maybro, S.L.\" \/>\n<meta property=\"article:modified_time\" content=\"2026-03-17T10:19:46+00:00\" \/>\n<meta property=\"og:image\" content=\"https:\/\/maybro.es\/wp-content\/uploads\/elementor\/thumbs\/produccionmaybro-rkhpgbuh2fs38c0bc0q8ytwnf4uyszyorwtcdl8qe8.png\" \/>\n<meta name=\"twitter:card\" content=\"summary_large_image\" \/>\n<meta name=\"twitter:label1\" content=\"Estimated reading time\" \/>\n\t<meta name=\"twitter:data1\" content=\"2 minutes\" \/>\n<script type=\"application\/ld+json\" class=\"yoast-schema-graph\">{\"@context\":\"https:\/\/schema.org\",\"@graph\":[{\"@type\":\"WebPage\",\"@id\":\"https:\/\/maybro.es\/sobre-nosotros\/\",\"url\":\"https:\/\/maybro.es\/sobre-nosotros\/\",\"name\":\"Sobre nosotros - Juguetes Maybro, S.L.\",\"isPartOf\":{\"@id\":\"https:\/\/maybro.es\/#website\"},\"primaryImageOfPage\":{\"@id\":\"https:\/\/maybro.es\/sobre-nosotros\/#primaryimage\"},\"image\":{\"@id\":\"https:\/\/maybro.es\/sobre-nosotros\/#primaryimage\"},\"thumbnailUrl\":\"https:\/\/maybro.es\/wp-content\/uploads\/elementor\/thumbs\/produccionmaybro-rkhpgbuh2fs38c0bc0q8ytwnf4uyszyorwtcdl8qe8.png\",\"datePublished\":\"2026-02-26T09:56:31+00:00\",\"dateModified\":\"2026-03-17T10:19:46+00:00\",\"description\":\"Hoy somos un socio industrial de confianza para empresas que necesitan un proveedor auxiliar s\u00f3lido, \u00e1gil y especializado en inyecci\u00f3n de pl\u00e1sticos t\u00e9cnicos.\",\"breadcrumb\":{\"@id\":\"https:\/\/maybro.es\/sobre-nosotros\/#breadcrumb\"},\"inLanguage\":\"en-GB\",\"potentialAction\":[{\"@type\":\"ReadAction\",\"target\":[\"https:\/\/maybro.es\/sobre-nosotros\/\"]}]},{\"@type\":\"ImageObject\",\"inLanguage\":\"en-GB\",\"@id\":\"https:\/\/maybro.es\/sobre-nosotros\/#primaryimage\",\"url\":\"https:\/\/maybro.es\/wp-content\/uploads\/elementor\/thumbs\/produccionmaybro-rkhpgbuh2fs38c0bc0q8ytwnf4uyszyorwtcdl8qe8.png\",\"contentUrl\":\"https:\/\/maybro.es\/wp-content\/uploads\/elementor\/thumbs\/produccionmaybro-rkhpgbuh2fs38c0bc0q8ytwnf4uyszyorwtcdl8qe8.png\"},{\"@type\":\"BreadcrumbList\",\"@id\":\"https:\/\/maybro.es\/sobre-nosotros\/#breadcrumb\",\"itemListElement\":[{\"@type\":\"ListItem\",\"position\":1,\"name\":\"Portada\",\"item\":\"https:\/\/maybro.es\/\"},{\"@type\":\"ListItem\",\"position\":2,\"name\":\"Sobre nosotros\"}]},{\"@type\":\"WebSite\",\"@id\":\"https:\/\/maybro.es\/#website\",\"url\":\"https:\/\/maybro.es\/\",\"name\":\"Juguetes Maybro, S.L.\",\"description\":\"\",\"publisher\":{\"@id\":\"https:\/\/maybro.es\/#organization\"},\"potentialAction\":[{\"@type\":\"SearchAction\",\"target\":{\"@type\":\"EntryPoint\",\"urlTemplate\":\"https:\/\/maybro.es\/?s={search_term_string}\"},\"query-input\":{\"@type\":\"PropertyValueSpecification\",\"valueRequired\":true,\"valueName\":\"search_term_string\"}}],\"inLanguage\":\"en-GB\"},{\"@type\":\"Organization\",\"@id\":\"https:\/\/maybro.es\/#organization\",\"name\":\"Juguetes Maybro, S.L.\",\"url\":\"https:\/\/maybro.es\/\",\"logo\":{\"@type\":\"ImageObject\",\"inLanguage\":\"en-GB\",\"@id\":\"https:\/\/maybro.es\/#\/schema\/logo\/image\/\",\"url\":\"https:\/\/maybro.es\/wp-content\/uploads\/2026\/02\/LOGO-MAYBRO-b-n.png\",\"contentUrl\":\"https:\/\/maybro.es\/wp-content\/uploads\/2026\/02\/LOGO-MAYBRO-b-n.png\",\"width\":480,\"height\":266,\"caption\":\"Juguetes Maybro, S.L.\"},\"image\":{\"@id\":\"https:\/\/maybro.es\/#\/schema\/logo\/image\/\"}}]}<\/script>\n<!-- \/ Yoast SEO plugin. -->","yoast_head_json":{"title":"Sobre nosotros - Juguetes Maybro, S.L.","description":"Today, we are a trusted industrial partner for companies seeking a reliable, responsive subcontractor specialising in the injection moulding of engineering plastics.","robots":{"index":"index","follow":"follow","max-snippet":"max-snippet:-1","max-image-preview":"max-image-preview:large","max-video-preview":"max-video-preview:-1"},"canonical":"https:\/\/maybro.es\/en\/sobre-nosotros\/","og_locale":"en_GB","og_type":"article","og_title":"Sobre nosotros - Juguetes Maybro, S.L.","og_description":"Hoy somos un socio industrial de confianza para empresas que necesitan un proveedor auxiliar s\u00f3lido, \u00e1gil y especializado en inyecci\u00f3n de pl\u00e1sticos t\u00e9cnicos.","og_url":"https:\/\/maybro.es\/en\/sobre-nosotros\/","og_site_name":"Juguetes Maybro, S.L.","article_modified_time":"2026-03-17T10:19:46+00:00","og_image":[{"url":"https:\/\/maybro.es\/wp-content\/uploads\/elementor\/thumbs\/produccionmaybro-rkhpgbuh2fs38c0bc0q8ytwnf4uyszyorwtcdl8qe8.png","type":"","width":"","height":""}],"twitter_card":"summary_large_image","twitter_misc":{"Estimated reading time":"2 minutes"},"schema":{"@context":"https:\/\/schema.org","@graph":[{"@type":"WebPage","@id":"https:\/\/maybro.es\/sobre-nosotros\/","url":"https:\/\/maybro.es\/sobre-nosotros\/","name":"Sobre nosotros - Juguetes Maybro, S.L.","isPartOf":{"@id":"https:\/\/maybro.es\/#website"},"primaryImageOfPage":{"@id":"https:\/\/maybro.es\/sobre-nosotros\/#primaryimage"},"image":{"@id":"https:\/\/maybro.es\/sobre-nosotros\/#primaryimage"},"thumbnailUrl":"https:\/\/maybro.es\/wp-content\/uploads\/elementor\/thumbs\/produccionmaybro-rkhpgbuh2fs38c0bc0q8ytwnf4uyszyorwtcdl8qe8.png","datePublished":"2026-02-26T09:56:31+00:00","dateModified":"2026-03-17T10:19:46+00:00","description":"Today, we are a trusted industrial partner for companies seeking a reliable, responsive subcontractor specialising in the injection moulding of engineering plastics.","breadcrumb":{"@id":"https:\/\/maybro.es\/sobre-nosotros\/#breadcrumb"},"inLanguage":"en-GB","potentialAction":[{"@type":"ReadAction","target":["https:\/\/maybro.es\/sobre-nosotros\/"]}]},{"@type":"ImageObject","inLanguage":"en-GB","@id":"https:\/\/maybro.es\/sobre-nosotros\/#primaryimage","url":"https:\/\/maybro.es\/wp-content\/uploads\/elementor\/thumbs\/produccionmaybro-rkhpgbuh2fs38c0bc0q8ytwnf4uyszyorwtcdl8qe8.png","contentUrl":"https:\/\/maybro.es\/wp-content\/uploads\/elementor\/thumbs\/produccionmaybro-rkhpgbuh2fs38c0bc0q8ytwnf4uyszyorwtcdl8qe8.png"},{"@type":"BreadcrumbList","@id":"https:\/\/maybro.es\/sobre-nosotros\/#breadcrumb","itemListElement":[{"@type":"ListItem","position":1,"name":"Portada","item":"https:\/\/maybro.es\/"},{"@type":"ListItem","position":2,"name":"Sobre nosotros"}]},{"@type":"WebSite","@id":"https:\/\/maybro.es\/#website","url":"https:\/\/maybro.es\/","name":"Juguetes Maybro, S.L.","description":"","publisher":{"@id":"https:\/\/maybro.es\/#organization"},"potentialAction":[{"@type":"SearchAction","target":{"@type":"EntryPoint","urlTemplate":"https:\/\/maybro.es\/?s={search_term_string}"},"query-input":{"@type":"PropertyValueSpecification","valueRequired":true,"valueName":"search_term_string"}}],"inLanguage":"en-GB"},{"@type":"Organization","@id":"https:\/\/maybro.es\/#organization","name":"Juguetes Maybro, S.L.","url":"https:\/\/maybro.es\/","logo":{"@type":"ImageObject","inLanguage":"en-GB","@id":"https:\/\/maybro.es\/#\/schema\/logo\/image\/","url":"https:\/\/maybro.es\/wp-content\/uploads\/2026\/02\/LOGO-MAYBRO-b-n.png","contentUrl":"https:\/\/maybro.es\/wp-content\/uploads\/2026\/02\/LOGO-MAYBRO-b-n.png","width":480,"height":266,"caption":"Juguetes Maybro, S.L."},"image":{"@id":"https:\/\/maybro.es\/#\/schema\/logo\/image\/"}}]}},"_links":{"self":[{"href":"https:\/\/maybro.es\/en\/wp-json\/wp\/v2\/pages\/121","targetHints":{"allow":["GET"]}}],"collection":[{"href":"https:\/\/maybro.es\/en\/wp-json\/wp\/v2\/pages"}],"about":[{"href":"https:\/\/maybro.es\/en\/wp-json\/wp\/v2\/types\/page"}],"author":[{"embeddable":true,"href":"https:\/\/maybro.es\/en\/wp-json\/wp\/v2\/users\/1"}],"replies":[{"embeddable":true,"href":"https:\/\/maybro.es\/en\/wp-json\/wp\/v2\/comments?post=121"}],"version-history":[{"count":56,"href":"https:\/\/maybro.es\/en\/wp-json\/wp\/v2\/pages\/121\/revisions"}],"predecessor-version":[{"id":549,"href":"https:\/\/maybro.es\/en\/wp-json\/wp\/v2\/pages\/121\/revisions\/549"}],"wp:attachment":[{"href":"https:\/\/maybro.es\/en\/wp-json\/wp\/v2\/media?parent=121"}],"curies":[{"name":"wp","href":"https:\/\/api.w.org\/{rel}","templated":true}]}}