{"id":133,"date":"2026-02-26T09:56:32","date_gmt":"2026-02-26T09:56:32","guid":{"rendered":"https:\/\/maybro.es\/wordpress\/index.php\/home\/"},"modified":"2026-03-17T10:16:34","modified_gmt":"2026-03-17T10:16:34","slug":"inicio","status":"publish","type":"page","link":"https:\/\/maybro.es\/en\/","title":{"rendered":"Home"},"content":{"rendered":"<div data-elementor-type=\"wp-page\" data-elementor-id=\"133\" class=\"elementor elementor-133\" data-elementor-post-type=\"page\">\n\t\t\t\t<div class=\"elementor-element elementor-element-370f5d7d e-con-full e-flex e-con e-parent\" data-id=\"370f5d7d\" data-element_type=\"container\" data-e-type=\"container\" data-settings=\"{&quot;background_background&quot;:&quot;classic&quot;}\">\n\t\t<div class=\"elementor-element elementor-element-254034b6 e-con-full e-flex e-con e-child\" data-id=\"254034b6\" data-element_type=\"container\" data-e-type=\"container\" data-settings=\"{&quot;background_background&quot;:&quot;classic&quot;}\">\n\t\t\t\t<\/div>\n\t\t<div class=\"elementor-element elementor-element-2c2bac86 e-con-full e-flex e-con e-child\" data-id=\"2c2bac86\" data-element_type=\"container\" data-e-type=\"container\" data-settings=\"{&quot;background_background&quot;:&quot;video&quot;}\">\n\t\t\t\t<div class=\"elementor-element elementor-element-0647aaf elementor-widget elementor-widget-spacer\" data-id=\"0647aaf\" data-element_type=\"widget\" data-e-type=\"widget\" data-widget_type=\"spacer.default\">\n\t\t\t\t\t\t\t<div class=\"elementor-spacer\">\n\t\t\t<div class=\"elementor-spacer-inner\"><\/div>\n\t\t<\/div>\n\t\t\t\t\t\t<\/div>\n\t\t<div class=\"elementor-element elementor-element-7c024edf e-flex e-con-boxed e-con e-child\" data-id=\"7c024edf\" data-element_type=\"container\" data-e-type=\"container\">\n\t\t\t\t\t<div class=\"e-con-inner\">\n\t\t\t\t<div class=\"elementor-element elementor-element-779e579a elementor-widget elementor-widget-heading\" data-id=\"779e579a\" data-element_type=\"widget\" data-e-type=\"widget\" data-widget_type=\"heading.default\">\n\t\t\t\t\t<h2 class=\"elementor-heading-title elementor-size-default\">M A Y B R O<\/h2>\t\t\t\t<\/div>\n\t\t\t\t<div class=\"elementor-element elementor-element-be2b256 elementor-widget elementor-widget-text-editor\" data-id=\"be2b256\" data-element_type=\"widget\" data-e-type=\"widget\" data-widget_type=\"text-editor.default\">\n\t\t\t\t\t\t\t\t\t<p>Expert solutions in thermoplastic injection moulding for industry.<\/p>\t\t\t\t\t\t\t\t<\/div>\n\t\t\t\t\t<\/div>\n\t\t\t\t<\/div>\n\t\t<div class=\"elementor-element elementor-element-258cf00c e-flex e-con-boxed e-con e-child\" data-id=\"258cf00c\" data-element_type=\"container\" data-e-type=\"container\">\n\t\t\t\t\t<div class=\"e-con-inner\">\n\t\t\t\t<div class=\"elementor-element elementor-element-247d8237 elementor-tablet-align-center elementor-mobile-align-justify elementor-widget-tablet__width-initial elementor-widget-mobile__width-inherit elementor-align-left elementor-widget elementor-widget-button\" data-id=\"247d8237\" data-element_type=\"widget\" data-e-type=\"widget\" data-widget_type=\"button.default\">\n\t\t\t\t\t\t\t\t\t\t<a class=\"elementor-button elementor-button-link elementor-size-lg\" href=\"https:\/\/maybro.es\/en\/contacto\/\">\n\t\t\t\t\t\t<span class=\"elementor-button-content-wrapper\">\n\t\t\t\t\t\t\t\t\t<span class=\"elementor-button-text\">Contact us<\/span>\n\t\t\t\t\t<\/span>\n\t\t\t\t\t<\/a>\n\t\t\t\t\t\t\t\t<\/div>\n\t\t\t\t<div class=\"elementor-element elementor-element-3515d5e5 elementor-tablet-align-center elementor-mobile-align-justify elementor-widget-tablet__width-initial elementor-widget-mobile__width-inherit elementor-align-left elementor-widget elementor-widget-button\" data-id=\"3515d5e5\" data-element_type=\"widget\" data-e-type=\"widget\" data-widget_type=\"button.default\">\n\t\t\t\t\t\t\t\t\t\t<a class=\"elementor-button elementor-button-link elementor-size-lg\" href=\"https:\/\/maybro.es\/en\/servicios\/\">\n\t\t\t\t\t\t<span class=\"elementor-button-content-wrapper\">\n\t\t\t\t\t\t\t\t\t<span class=\"elementor-button-text\">Find out more<\/span>\n\t\t\t\t\t<\/span>\n\t\t\t\t\t<\/a>\n\t\t\t\t\t\t\t\t<\/div>\n\t\t\t\t\t<\/div>\n\t\t\t\t<\/div>\n\t\t\t\t<\/div>\n\t\t<div class=\"elementor-element elementor-element-749be606 e-con-full e-flex e-con e-child\" data-id=\"749be606\" data-element_type=\"container\" data-e-type=\"container\" data-settings=\"{&quot;background_background&quot;:&quot;video&quot;,&quot;background_video_link&quot;:&quot;https:\\\/\\\/maybro.es\\\/wp-content\\\/uploads\\\/2026\\\/03\\\/videomaybro.mp4&quot;,&quot;background_play_on_mobile&quot;:&quot;yes&quot;}\">\n\t\t<div class=\"elementor-background-video-container\">\n\t\t\t\t\t\t\t<video class=\"elementor-background-video-hosted\" role=\"presentation\" autoplay muted playsinline loop><\/video>\n\t\t\t\t\t<\/div>\t\t<\/div>\n\t\t\t\t<\/div>\n\t\t<div class=\"elementor-element elementor-element-73fd8e95 e-con-full e-flex e-con e-parent\" data-id=\"73fd8e95\" data-element_type=\"container\" data-e-type=\"container\">\n\t\t<div class=\"elementor-element elementor-element-17209eb0 e-con-full e-flex e-con e-child\" data-id=\"17209eb0\" data-element_type=\"container\" data-e-type=\"container\" data-settings=\"{&quot;background_background&quot;:&quot;classic&quot;}\">\n\t\t\t\t<\/div>\n\t\t<div class=\"elementor-element elementor-element-2be57289 e-con-full e-flex e-con e-child\" data-id=\"2be57289\" data-element_type=\"container\" data-e-type=\"container\">\n\t\t\t\t<div class=\"elementor-element elementor-element-3e8e9aed elementor-widget elementor-widget-text-editor\" data-id=\"3e8e9aed\" data-element_type=\"widget\" data-e-type=\"widget\" data-widget_type=\"text-editor.default\">\n\t\t\t\t\t\t\t\t\t<p>At Maybro, we are a contract manufacturer specialising in the injection moulding of engineering plastics, dedicated to providing efficient manufacturing solutions for a wide range of industrial sectors. We do not manufacture end products: we work closely with our clients to transform their designs into high-precision plastic components that are of the highest quality and reliability.<\/p>\t\t\t\t\t\t\t\t<\/div>\n\t\t\t\t<div class=\"elementor-element elementor-element-1118f93b elementor-invisible elementor-widget elementor-widget-button\" data-id=\"1118f93b\" data-element_type=\"widget\" data-e-type=\"widget\" data-settings=\"{&quot;_animation&quot;:&quot;fadeInDown&quot;}\" data-widget_type=\"button.default\">\n\t\t\t\t\t\t\t\t\t\t<a class=\"elementor-button elementor-button-link elementor-size-sm\" href=\"https:\/\/maybro.es\/en\/sobre-nosotros\/\">\n\t\t\t\t\t\t<span class=\"elementor-button-content-wrapper\">\n\t\t\t\t\t\t\t\t\t<span class=\"elementor-button-text\">More about us<\/span>\n\t\t\t\t\t<\/span>\n\t\t\t\t\t<\/a>\n\t\t\t\t\t\t\t\t<\/div>\n\t\t\t\t<\/div>\n\t\t\t\t<\/div>\n\t\t<div class=\"elementor-element elementor-element-2c9e097c e-con-full e-flex e-con e-parent\" data-id=\"2c9e097c\" data-element_type=\"container\" data-e-type=\"container\">\n\t\t\t\t<div class=\"elementor-element elementor-element-26a0950 elementor-widget elementor-widget-heading\" data-id=\"26a0950\" data-element_type=\"widget\" data-e-type=\"widget\" data-widget_type=\"heading.default\">\n\t\t\t\t\t<span class=\"elementor-heading-title elementor-size-default\">What we offer<\/span>\t\t\t\t<\/div>\n\t\t<div class=\"elementor-element elementor-element-38988dea e-flex e-con-boxed e-con e-child\" data-id=\"38988dea\" data-element_type=\"container\" data-e-type=\"container\">\n\t\t\t\t\t<div class=\"e-con-inner\">\n\t\t<div class=\"elementor-element elementor-element-400d557 e-con-full e-flex e-con e-child\" data-id=\"400d557\" data-element_type=\"container\" data-e-type=\"container\">\n\t\t<div class=\"elementor-element elementor-element-5347ee94 e-con-full e-flex e-con e-child\" data-id=\"5347ee94\" data-element_type=\"container\" data-e-type=\"container\">\n\t\t\t\t<div class=\"elementor-element elementor-element-678bbf65 elementor-position-top elementor-widget elementor-widget-image-box\" data-id=\"678bbf65\" data-element_type=\"widget\" data-e-type=\"widget\" data-widget_type=\"image-box.default\">\n\t\t\t\t\t<div class=\"elementor-image-box-wrapper\"><figure class=\"elementor-image-box-img\"><img fetchpriority=\"high\" decoding=\"async\" width=\"816\" height=\"1094\" src=\"https:\/\/maybro.es\/wp-content\/uploads\/2026\/02\/productopet.jpg\" class=\"elementor-animation-sink attachment-full size-full wp-image-193\" alt=\"\" srcset=\"https:\/\/maybro.es\/wp-content\/uploads\/2026\/02\/productopet.jpg 816w, https:\/\/maybro.es\/wp-content\/uploads\/2026\/02\/productopet-224x300.jpg 224w, https:\/\/maybro.es\/wp-content\/uploads\/2026\/02\/productopet-764x1024.jpg 764w, https:\/\/maybro.es\/wp-content\/uploads\/2026\/02\/productopet-768x1030.jpg 768w\" sizes=\"(max-width: 816px) 100vw, 816px\" \/><\/figure><div class=\"elementor-image-box-content\"><h3 class=\"elementor-image-box-title\">Thermoplastic injection moulding<\/h3><p class=\"elementor-image-box-description\">We specialise in the manufacture of all types of products using thermoplastic injection moulding, acting as a subcontractor for various industrial sectors. Our extensive experience in the sector ensures excellent quality and service on every project.<\/p><\/div><\/div>\t\t\t\t<\/div>\n\t\t\t\t<div class=\"elementor-element elementor-element-c8ed9f6 elementor-widget elementor-widget-button\" data-id=\"c8ed9f6\" data-element_type=\"widget\" data-e-type=\"widget\" data-widget_type=\"button.default\">\n\t\t\t\t\t\t\t\t\t\t<a class=\"elementor-button elementor-button-link elementor-size-sm\" href=\"https:\/\/maybro.es\/en\/servicios\/\">\n\t\t\t\t\t\t<span class=\"elementor-button-content-wrapper\">\n\t\t\t\t\t\t\t\t\t<span class=\"elementor-button-text\">Find out more<\/span>\n\t\t\t\t\t<\/span>\n\t\t\t\t\t<\/a>\n\t\t\t\t\t\t\t\t<\/div>\n\t\t\t\t<\/div>\n\t\t<div class=\"elementor-element elementor-element-5e2df82d e-con-full e-flex e-con e-child\" data-id=\"5e2df82d\" data-element_type=\"container\" data-e-type=\"container\">\n\t\t\t\t<div class=\"elementor-element elementor-element-b1b2ef2 elementor-position-top elementor-widget elementor-widget-image-box\" data-id=\"b1b2ef2\" data-element_type=\"widget\" data-e-type=\"widget\" data-widget_type=\"image-box.default\">\n\t\t\t\t\t<div class=\"elementor-image-box-wrapper\"><figure class=\"elementor-image-box-img\"><img decoding=\"async\" width=\"1200\" height=\"1600\" src=\"https:\/\/maybro.es\/wp-content\/uploads\/2026\/03\/d663e34a-9b30-45ef-bc1a-210cdbe0db50.jpg\" class=\"elementor-animation-sink attachment-full size-full wp-image-225\" alt=\"\" srcset=\"https:\/\/maybro.es\/wp-content\/uploads\/2026\/03\/d663e34a-9b30-45ef-bc1a-210cdbe0db50.jpg 1200w, https:\/\/maybro.es\/wp-content\/uploads\/2026\/03\/d663e34a-9b30-45ef-bc1a-210cdbe0db50-225x300.jpg 225w, https:\/\/maybro.es\/wp-content\/uploads\/2026\/03\/d663e34a-9b30-45ef-bc1a-210cdbe0db50-768x1024.jpg 768w, https:\/\/maybro.es\/wp-content\/uploads\/2026\/03\/d663e34a-9b30-45ef-bc1a-210cdbe0db50-1152x1536.jpg 1152w\" sizes=\"(max-width: 1200px) 100vw, 1200px\" \/><\/figure><div class=\"elementor-image-box-content\"><h3 class=\"elementor-image-box-title\">Packaging and components for a wide range of sectors<\/h3><p class=\"elementor-image-box-description\">We manufacture PET preforms and packaging for food, cosmetics and chemicals, amongst other sectors. We also develop components for a wide range of industries, including renewable energy, lighting, household goods and the toy sector, tailoring our solutions to the specific needs of each client.<\/p><\/div><\/div>\t\t\t\t<\/div>\n\t\t\t\t<div class=\"elementor-element elementor-element-7d3aa16b elementor-widget elementor-widget-button\" data-id=\"7d3aa16b\" data-element_type=\"widget\" data-e-type=\"widget\" data-widget_type=\"button.default\">\n\t\t\t\t\t\t\t\t\t\t<a class=\"elementor-button elementor-button-link elementor-size-sm\" href=\"https:\/\/maybro.es\/en\/servicios\/\">\n\t\t\t\t\t\t<span class=\"elementor-button-content-wrapper\">\n\t\t\t\t\t\t\t\t\t<span class=\"elementor-button-text\">Find out more<\/span>\n\t\t\t\t\t<\/span>\n\t\t\t\t\t<\/a>\n\t\t\t\t\t\t\t\t<\/div>\n\t\t\t\t<\/div>\n\t\t<div class=\"elementor-element elementor-element-608ddd19 e-con-full e-flex e-con e-child\" data-id=\"608ddd19\" data-element_type=\"container\" data-e-type=\"container\">\n\t\t\t\t<div class=\"elementor-element elementor-element-3e98a8cc elementor-position-top elementor-widget elementor-widget-image-box\" data-id=\"3e98a8cc\" data-element_type=\"widget\" data-e-type=\"widget\" data-widget_type=\"image-box.default\">\n\t\t\t\t\t<div class=\"elementor-image-box-wrapper\"><figure class=\"elementor-image-box-img\"><img decoding=\"async\" width=\"1200\" height=\"1600\" src=\"https:\/\/maybro.es\/wp-content\/uploads\/2026\/03\/057c1571-eddd-4e91-b6e4-5af3594b5b26.jpg\" class=\"elementor-animation-sink attachment-full size-full wp-image-226\" alt=\"log\u00edstica2\" srcset=\"https:\/\/maybro.es\/wp-content\/uploads\/2026\/03\/057c1571-eddd-4e91-b6e4-5af3594b5b26.jpg 1200w, https:\/\/maybro.es\/wp-content\/uploads\/2026\/03\/057c1571-eddd-4e91-b6e4-5af3594b5b26-225x300.jpg 225w, https:\/\/maybro.es\/wp-content\/uploads\/2026\/03\/057c1571-eddd-4e91-b6e4-5af3594b5b26-768x1024.jpg 768w, https:\/\/maybro.es\/wp-content\/uploads\/2026\/03\/057c1571-eddd-4e91-b6e4-5af3594b5b26-1152x1536.jpg 1152w\" sizes=\"(max-width: 1200px) 100vw, 1200px\" \/><\/figure><div class=\"elementor-image-box-content\"><h3 class=\"elementor-image-box-title\"> Logistics and comprehensive services<\/h3><p class=\"elementor-image-box-description\">We complete the process with packaging, warehousing and our own and subcontracted transport fleet. We offer flexible delivery management to streamline our customers\u2019 supply chains.<\/p><\/div><\/div>\t\t\t\t<\/div>\n\t\t\t\t<div class=\"elementor-element elementor-element-20fc3c92 elementor-widget elementor-widget-button\" data-id=\"20fc3c92\" data-element_type=\"widget\" data-e-type=\"widget\" data-widget_type=\"button.default\">\n\t\t\t\t\t\t\t\t\t\t<a class=\"elementor-button elementor-button-link elementor-size-sm\" href=\"https:\/\/maybro.es\/en\/servicios\/\">\n\t\t\t\t\t\t<span class=\"elementor-button-content-wrapper\">\n\t\t\t\t\t\t\t\t\t<span class=\"elementor-button-text\">Find out more<\/span>\n\t\t\t\t\t<\/span>\n\t\t\t\t\t<\/a>\n\t\t\t\t\t\t\t\t<\/div>\n\t\t\t\t<\/div>\n\t\t\t\t<\/div>\n\t\t\t\t\t<\/div>\n\t\t\t\t<\/div>\n\t\t\t\t<\/div>\n\t\t\t\t<\/div>","protected":false},"excerpt":{"rendered":"<p>M A Y B R O Soluciones expertas en inyecci\u00f3n de termopl\u00e1sticos para la industria. Cons\u00faltanos Descubre m\u00e1s En Maybro somos una empresa auxiliar especializada en la inyecci\u00f3n de pl\u00e1sticos t\u00e9cnicos, orientada a ofrecer soluciones productivas eficientes para m\u00faltiples sectores industriales. No fabricamos productos finales: colaboramos estrechamente con nuestros clientes para transformar sus proyectos en [&hellip;]<\/p>\n","protected":false},"author":1,"featured_media":0,"parent":0,"menu_order":0,"comment_status":"closed","ping_status":"closed","template":"elementor_header_footer","meta":{"footnotes":""},"class_list":["post-133","page","type-page","status-publish","hentry"],"yoast_head":"<!-- This site is optimized with the Yoast SEO plugin v27.2 - https:\/\/yoast.com\/product\/yoast-seo-wordpress\/ -->\n<title>Inicio - Juguetes Maybro, S.L.<\/title>\n<meta name=\"description\" content=\"En Maybro somos una empresa auxiliar especializada en la inyecci\u00f3n de pl\u00e1sticos t\u00e9cnicos, orientada a ofrecer soluciones productivas eficientes para m\u00faltiples sectores industriales.\" \/>\n<meta name=\"robots\" content=\"index, follow, max-snippet:-1, max-image-preview:large, max-video-preview:-1\" \/>\n<link rel=\"canonical\" href=\"https:\/\/maybro.es\/en\/\" \/>\n<meta property=\"og:locale\" content=\"en_GB\" \/>\n<meta property=\"og:type\" content=\"article\" \/>\n<meta property=\"og:title\" content=\"Inicio - Juguetes Maybro, S.L.\" \/>\n<meta property=\"og:description\" content=\"En Maybro somos una empresa auxiliar especializada en la inyecci\u00f3n de pl\u00e1sticos t\u00e9cnicos, orientada a ofrecer soluciones productivas eficientes para m\u00faltiples sectores industriales.\" \/>\n<meta property=\"og:url\" content=\"https:\/\/maybro.es\/en\/\" \/>\n<meta property=\"og:site_name\" content=\"Juguetes Maybro, S.L.\" \/>\n<meta property=\"article:modified_time\" content=\"2026-03-17T10:16:34+00:00\" \/>\n<meta property=\"og:image\" content=\"https:\/\/maybro.es\/wp-content\/uploads\/2026\/02\/productopet.jpg\" \/>\n<meta name=\"twitter:card\" content=\"summary_large_image\" \/>\n<meta name=\"twitter:label1\" content=\"Estimated reading time\" \/>\n\t<meta name=\"twitter:data1\" content=\"2 minutes\" \/>\n<script type=\"application\/ld+json\" class=\"yoast-schema-graph\">{\"@context\":\"https:\/\/schema.org\",\"@graph\":[{\"@type\":\"WebPage\",\"@id\":\"https:\/\/maybro.es\/\",\"url\":\"https:\/\/maybro.es\/\",\"name\":\"Inicio - Juguetes Maybro, S.L.\",\"isPartOf\":{\"@id\":\"https:\/\/maybro.es\/#website\"},\"primaryImageOfPage\":{\"@id\":\"https:\/\/maybro.es\/#primaryimage\"},\"image\":{\"@id\":\"https:\/\/maybro.es\/#primaryimage\"},\"thumbnailUrl\":\"https:\/\/maybro.es\/wp-content\/uploads\/2026\/02\/productopet.jpg\",\"datePublished\":\"2026-02-26T09:56:32+00:00\",\"dateModified\":\"2026-03-17T10:16:34+00:00\",\"description\":\"En Maybro somos una empresa auxiliar especializada en la inyecci\u00f3n de pl\u00e1sticos t\u00e9cnicos, orientada a ofrecer soluciones productivas eficientes para m\u00faltiples sectores industriales.\",\"breadcrumb\":{\"@id\":\"https:\/\/maybro.es\/#breadcrumb\"},\"inLanguage\":\"en-GB\",\"potentialAction\":[{\"@type\":\"ReadAction\",\"target\":[\"https:\/\/maybro.es\/\"]}]},{\"@type\":\"ImageObject\",\"inLanguage\":\"en-GB\",\"@id\":\"https:\/\/maybro.es\/#primaryimage\",\"url\":\"https:\/\/maybro.es\/wp-content\/uploads\/2026\/02\/productopet.jpg\",\"contentUrl\":\"https:\/\/maybro.es\/wp-content\/uploads\/2026\/02\/productopet.jpg\"},{\"@type\":\"BreadcrumbList\",\"@id\":\"https:\/\/maybro.es\/#breadcrumb\",\"itemListElement\":[{\"@type\":\"ListItem\",\"position\":1,\"name\":\"Portada\",\"item\":\"https:\/\/maybro.es\/\"},{\"@type\":\"ListItem\",\"position\":2,\"name\":\"Inicio\"}]},{\"@type\":\"WebSite\",\"@id\":\"https:\/\/maybro.es\/#website\",\"url\":\"https:\/\/maybro.es\/\",\"name\":\"Juguetes Maybro, S.L.\",\"description\":\"\",\"publisher\":{\"@id\":\"https:\/\/maybro.es\/#organization\"},\"potentialAction\":[{\"@type\":\"SearchAction\",\"target\":{\"@type\":\"EntryPoint\",\"urlTemplate\":\"https:\/\/maybro.es\/?s={search_term_string}\"},\"query-input\":{\"@type\":\"PropertyValueSpecification\",\"valueRequired\":true,\"valueName\":\"search_term_string\"}}],\"inLanguage\":\"en-GB\"},{\"@type\":\"Organization\",\"@id\":\"https:\/\/maybro.es\/#organization\",\"name\":\"Juguetes Maybro, S.L.\",\"url\":\"https:\/\/maybro.es\/\",\"logo\":{\"@type\":\"ImageObject\",\"inLanguage\":\"en-GB\",\"@id\":\"https:\/\/maybro.es\/#\/schema\/logo\/image\/\",\"url\":\"https:\/\/maybro.es\/wp-content\/uploads\/2026\/02\/LOGO-MAYBRO-b-n.png\",\"contentUrl\":\"https:\/\/maybro.es\/wp-content\/uploads\/2026\/02\/LOGO-MAYBRO-b-n.png\",\"width\":480,\"height\":266,\"caption\":\"Juguetes Maybro, S.L.\"},\"image\":{\"@id\":\"https:\/\/maybro.es\/#\/schema\/logo\/image\/\"}}]}<\/script>\n<!-- \/ Yoast SEO plugin. -->","yoast_head_json":{"title":"Inicio - Juguetes Maybro, S.L.","description":"En Maybro somos una empresa auxiliar especializada en la inyecci\u00f3n de pl\u00e1sticos t\u00e9cnicos, orientada a ofrecer soluciones productivas eficientes para m\u00faltiples sectores industriales.","robots":{"index":"index","follow":"follow","max-snippet":"max-snippet:-1","max-image-preview":"max-image-preview:large","max-video-preview":"max-video-preview:-1"},"canonical":"https:\/\/maybro.es\/en\/","og_locale":"en_GB","og_type":"article","og_title":"Inicio - Juguetes Maybro, S.L.","og_description":"En Maybro somos una empresa auxiliar especializada en la inyecci\u00f3n de pl\u00e1sticos t\u00e9cnicos, orientada a ofrecer soluciones productivas eficientes para m\u00faltiples sectores industriales.","og_url":"https:\/\/maybro.es\/en\/","og_site_name":"Juguetes Maybro, S.L.","article_modified_time":"2026-03-17T10:16:34+00:00","og_image":[{"url":"https:\/\/maybro.es\/wp-content\/uploads\/2026\/02\/productopet.jpg","type":"","width":"","height":""}],"twitter_card":"summary_large_image","twitter_misc":{"Estimated reading time":"2 minutes"},"schema":{"@context":"https:\/\/schema.org","@graph":[{"@type":"WebPage","@id":"https:\/\/maybro.es\/","url":"https:\/\/maybro.es\/","name":"Inicio - Juguetes Maybro, S.L.","isPartOf":{"@id":"https:\/\/maybro.es\/#website"},"primaryImageOfPage":{"@id":"https:\/\/maybro.es\/#primaryimage"},"image":{"@id":"https:\/\/maybro.es\/#primaryimage"},"thumbnailUrl":"https:\/\/maybro.es\/wp-content\/uploads\/2026\/02\/productopet.jpg","datePublished":"2026-02-26T09:56:32+00:00","dateModified":"2026-03-17T10:16:34+00:00","description":"En Maybro somos una empresa auxiliar especializada en la inyecci\u00f3n de pl\u00e1sticos t\u00e9cnicos, orientada a ofrecer soluciones productivas eficientes para m\u00faltiples sectores industriales.","breadcrumb":{"@id":"https:\/\/maybro.es\/#breadcrumb"},"inLanguage":"en-GB","potentialAction":[{"@type":"ReadAction","target":["https:\/\/maybro.es\/"]}]},{"@type":"ImageObject","inLanguage":"en-GB","@id":"https:\/\/maybro.es\/#primaryimage","url":"https:\/\/maybro.es\/wp-content\/uploads\/2026\/02\/productopet.jpg","contentUrl":"https:\/\/maybro.es\/wp-content\/uploads\/2026\/02\/productopet.jpg"},{"@type":"BreadcrumbList","@id":"https:\/\/maybro.es\/#breadcrumb","itemListElement":[{"@type":"ListItem","position":1,"name":"Portada","item":"https:\/\/maybro.es\/"},{"@type":"ListItem","position":2,"name":"Inicio"}]},{"@type":"WebSite","@id":"https:\/\/maybro.es\/#website","url":"https:\/\/maybro.es\/","name":"Juguetes Maybro, S.L.","description":"","publisher":{"@id":"https:\/\/maybro.es\/#organization"},"potentialAction":[{"@type":"SearchAction","target":{"@type":"EntryPoint","urlTemplate":"https:\/\/maybro.es\/?s={search_term_string}"},"query-input":{"@type":"PropertyValueSpecification","valueRequired":true,"valueName":"search_term_string"}}],"inLanguage":"en-GB"},{"@type":"Organization","@id":"https:\/\/maybro.es\/#organization","name":"Juguetes Maybro, S.L.","url":"https:\/\/maybro.es\/","logo":{"@type":"ImageObject","inLanguage":"en-GB","@id":"https:\/\/maybro.es\/#\/schema\/logo\/image\/","url":"https:\/\/maybro.es\/wp-content\/uploads\/2026\/02\/LOGO-MAYBRO-b-n.png","contentUrl":"https:\/\/maybro.es\/wp-content\/uploads\/2026\/02\/LOGO-MAYBRO-b-n.png","width":480,"height":266,"caption":"Juguetes Maybro, S.L."},"image":{"@id":"https:\/\/maybro.es\/#\/schema\/logo\/image\/"}}]}},"_links":{"self":[{"href":"https:\/\/maybro.es\/en\/wp-json\/wp\/v2\/pages\/133","targetHints":{"allow":["GET"]}}],"collection":[{"href":"https:\/\/maybro.es\/en\/wp-json\/wp\/v2\/pages"}],"about":[{"href":"https:\/\/maybro.es\/en\/wp-json\/wp\/v2\/types\/page"}],"author":[{"embeddable":true,"href":"https:\/\/maybro.es\/en\/wp-json\/wp\/v2\/users\/1"}],"replies":[{"embeddable":true,"href":"https:\/\/maybro.es\/en\/wp-json\/wp\/v2\/comments?post=133"}],"version-history":[{"count":107,"href":"https:\/\/maybro.es\/en\/wp-json\/wp\/v2\/pages\/133\/revisions"}],"predecessor-version":[{"id":540,"href":"https:\/\/maybro.es\/en\/wp-json\/wp\/v2\/pages\/133\/revisions\/540"}],"wp:attachment":[{"href":"https:\/\/maybro.es\/en\/wp-json\/wp\/v2\/media?parent=133"}],"curies":[{"name":"wp","href":"https:\/\/api.w.org\/{rel}","templated":true}]}}