{"id":97,"date":"2026-02-26T09:56:28","date_gmt":"2026-02-26T09:56:28","guid":{"rendered":"https:\/\/maybro.es\/wordpress\/index.php\/contact-us\/"},"modified":"2026-03-18T09:01:46","modified_gmt":"2026-03-18T09:01:46","slug":"contacto","status":"publish","type":"page","link":"https:\/\/maybro.es\/en\/contacto\/","title":{"rendered":"Contact"},"content":{"rendered":"\t\t<div data-elementor-type=\"wp-page\" data-elementor-id=\"97\" class=\"elementor elementor-97\" data-elementor-post-type=\"page\">\n\t\t\t\t<div class=\"elementor-element elementor-element-9875908 e-con-full e-flex e-con e-parent\" data-id=\"9875908\" data-element_type=\"container\" data-e-type=\"container\">\n\t\t<div class=\"elementor-element elementor-element-2a96d966 e-flex e-con-boxed e-con e-child\" data-id=\"2a96d966\" data-element_type=\"container\" data-e-type=\"container\">\n\t\t\t\t\t<div class=\"e-con-inner\">\n\t\t<div class=\"elementor-element elementor-element-1cb7e1b8 e-con-full e-flex e-con e-child\" data-id=\"1cb7e1b8\" data-element_type=\"container\" data-e-type=\"container\">\n\t\t\t\t<div class=\"elementor-element elementor-element-2de3471 elementor-invisible elementor-widget elementor-widget-heading\" data-id=\"2de3471\" data-element_type=\"widget\" data-e-type=\"widget\" data-settings=\"{&quot;_animation&quot;:&quot;fadeInUp&quot;}\" data-widget_type=\"heading.default\">\n\t\t\t\t\t<span class=\"elementor-heading-title elementor-size-default\">contacto<\/span>\t\t\t\t<\/div>\n\t\t\t\t<div class=\"elementor-element elementor-element-47c909d3 elementor-widget__width-initial elementor-invisible elementor-widget elementor-widget-text-editor\" data-id=\"47c909d3\" data-element_type=\"widget\" data-e-type=\"widget\" data-settings=\"{&quot;_animation&quot;:&quot;fadeInDown&quot;}\" data-widget_type=\"text-editor.default\">\n\t\t\t\t\t\t\t\t\t<p>Estamos a su disposici\u00f3n para estudiar su proyecto y ofrecerle una soluci\u00f3n \u00f3ptima, adaptada a sus necesidades. Compruebe gracias a nuestra experiencia, la calidad, servicio y gran adaptaci\u00f3n a cualquier sector.<\/p>\t\t\t\t\t\t\t\t<\/div>\n\t\t\t\t<\/div>\n\t\t<div class=\"elementor-element elementor-element-4027aabc e-con-full e-flex e-con e-child\" data-id=\"4027aabc\" data-element_type=\"container\" data-e-type=\"container\">\n\t\t\t\t<div class=\"elementor-element elementor-element-59d55b44 elementor-widget__width-initial elementor-widget-mobile__width-inherit elementor-widget elementor-widget-icon-box\" data-id=\"59d55b44\" data-element_type=\"widget\" data-e-type=\"widget\" data-widget_type=\"icon-box.default\">\n\t\t\t\t\t\t\t<div class=\"elementor-icon-box-wrapper\">\n\n\t\t\t\n\t\t\t\t\t\t<div class=\"elementor-icon-box-content\">\n\n\t\t\t\t\t\t\t\t\t<h3 class=\"elementor-icon-box-title\">\n\t\t\t\t\t\t<span  >\n\t\t\t\t\t\t\tDirecci\u00f3n\t\t\t\t\t\t<\/span>\n\t\t\t\t\t<\/h3>\n\t\t\t\t\n\t\t\t\t\t\t\t\t\t<p class=\"elementor-icon-box-description\">\n\t\t\t\t\t\tAv. de Alcoy, 2, Los Campello, 03420 Castalla, Alicante\t\t\t\t\t<\/p>\n\t\t\t\t\n\t\t\t<\/div>\n\t\t\t\n\t\t<\/div>\n\t\t\t\t\t\t<\/div>\n\t\t\t\t<div class=\"elementor-element elementor-element-6493cc46 elementor-widget__width-initial elementor-widget-mobile__width-inherit elementor-widget elementor-widget-icon-box\" data-id=\"6493cc46\" data-element_type=\"widget\" data-e-type=\"widget\" data-widget_type=\"icon-box.default\">\n\t\t\t\t\t\t\t<div class=\"elementor-icon-box-wrapper\">\n\n\t\t\t\n\t\t\t\t\t\t<div class=\"elementor-icon-box-content\">\n\n\t\t\t\t\t\t\t\t\t<h3 class=\"elementor-icon-box-title\">\n\t\t\t\t\t\t<span  >\n\t\t\t\t\t\t\tContacto\t\t\t\t\t\t<\/span>\n\t\t\t\t\t<\/h3>\n\t\t\t\t\n\t\t\t\t\t\t\t\t\t<p class=\"elementor-icon-box-description\">\n\t\t\t\t\t\t966 56 06 08<br>info@maybro.es\t\t\t\t\t<\/p>\n\t\t\t\t\n\t\t\t<\/div>\n\t\t\t\n\t\t<\/div>\n\t\t\t\t\t\t<\/div>\n\t\t\t\t<div class=\"elementor-element elementor-element-350f4364 elementor-widget__width-initial elementor-widget-mobile__width-inherit elementor-widget elementor-widget-icon-box\" data-id=\"350f4364\" data-element_type=\"widget\" data-e-type=\"widget\" data-widget_type=\"icon-box.default\">\n\t\t\t\t\t\t\t<div class=\"elementor-icon-box-wrapper\">\n\n\t\t\t\n\t\t\t\t\t\t<div class=\"elementor-icon-box-content\">\n\n\t\t\t\t\t\t\t\t\t<h3 class=\"elementor-icon-box-title\">\n\t\t\t\t\t\t<span  >\n\t\t\t\t\t\t\tHorario\t\t\t\t\t\t<\/span>\n\t\t\t\t\t<\/h3>\n\t\t\t\t\n\t\t\t\t\t\t\t\t\t<p class=\"elementor-icon-box-description\">\n\t\t\t\t\t\tLunes a viernes:<br>-8:00--13:00<br>-15:00--19:00\n\t\t\t\t\t<\/p>\n\t\t\t\t\n\t\t\t<\/div>\n\t\t\t\n\t\t<\/div>\n\t\t\t\t\t\t<\/div>\n\t\t\t\t<\/div>\n\t\t\t\t\t<\/div>\n\t\t\t\t<\/div>\n\t\t<div class=\"elementor-element elementor-element-5f100613 e-con-full e-flex e-con e-child\" data-id=\"5f100613\" data-element_type=\"container\" data-e-type=\"container\" data-settings=\"{&quot;background_background&quot;:&quot;classic&quot;}\">\n\t\t\t\t<\/div>\n\t\t\t\t<\/div>\n\t\t<div class=\"elementor-element elementor-element-49b970b1 e-con-full e-flex e-con e-parent\" data-id=\"49b970b1\" data-element_type=\"container\" data-e-type=\"container\">\n\t\t<div class=\"elementor-element elementor-element-505336fa e-con-full e-flex e-con e-child\" data-id=\"505336fa\" data-element_type=\"container\" data-e-type=\"container\" data-settings=\"{&quot;background_background&quot;:&quot;classic&quot;}\">\n\t\t\t\t<\/div>\n\t\t<div class=\"elementor-element elementor-element-4838d02c e-con-full e-flex e-con e-child\" data-id=\"4838d02c\" data-element_type=\"container\" data-e-type=\"container\">\n\t\t\t\t<div class=\"elementor-element elementor-element-1c7f8a9 elementor-widget elementor-widget-google_maps\" data-id=\"1c7f8a9\" data-element_type=\"widget\" data-e-type=\"widget\" data-widget_type=\"google_maps.default\">\n\t\t\t\t\t\t\t<div class=\"elementor-custom-embed\">\n\t\t\t<iframe loading=\"lazy\"\n\t\t\t\t\tsrc=\"https:\/\/maps.google.com\/maps?q=maybro&#038;t=m&#038;z=10&#038;output=embed&#038;iwloc=near\"\n\t\t\t\t\ttitle=\"maybro\"\n\t\t\t\t\taria-label=\"maybro\"\n\t\t\t><\/iframe>\n\t\t<\/div>\n\t\t\t\t\t\t<\/div>\n\t\t\t\t<\/div>\n\t\t\t\t<\/div>\n\t\t<div class=\"elementor-element elementor-element-7feaa6f9 e-flex e-con-boxed e-con e-parent\" data-id=\"7feaa6f9\" data-element_type=\"container\" data-e-type=\"container\">\n\t\t\t\t\t<div class=\"e-con-inner\">\n\t\t\t\t<div class=\"elementor-element elementor-element-546e646c elementor-button-align-stretch elementor-widget elementor-widget-form\" data-id=\"546e646c\" data-element_type=\"widget\" data-e-type=\"widget\" data-settings=\"{&quot;step_next_label&quot;:&quot;Siguiente&quot;,&quot;step_previous_label&quot;:&quot;Anterior&quot;,&quot;button_width&quot;:&quot;100&quot;,&quot;step_type&quot;:&quot;number_text&quot;,&quot;step_icon_shape&quot;:&quot;circle&quot;}\" data-widget_type=\"form.default\">\n\t\t\t\t\t\t\t<form class=\"elementor-form\" method=\"post\" name=\"Formulario de contacto\" aria-label=\"Formulario de contacto\">\n\t\t\t<input type=\"hidden\" name=\"post_id\" value=\"97\"\/>\n\t\t\t<input type=\"hidden\" name=\"form_id\" value=\"546e646c\"\/>\n\t\t\t<input type=\"hidden\" name=\"referer_title\" value=\"Contacto - Juguetes Maybro, S.L.\" \/>\n\n\t\t\t\t\t\t\t<input type=\"hidden\" name=\"queried_id\" value=\"97\"\/>\n\t\t\t\n\t\t\t<div class=\"elementor-form-fields-wrapper elementor-labels-above\">\n\t\t\t\t\t\t\t\t<div class=\"elementor-field-type-text elementor-field-group elementor-column elementor-field-group-name elementor-col-100 elementor-field-required\">\n\t\t\t\t\t\t\t\t\t\t\t\t<label for=\"form-field-name\" class=\"elementor-field-label\">\n\t\t\t\t\t\t\t\tNombre y apellidos\t\t\t\t\t\t\t<\/label>\n\t\t\t\t\t\t\t\t\t\t\t\t\t\t<input size=\"1\" type=\"text\" name=\"form_fields[name]\" id=\"form-field-name\" class=\"elementor-field elementor-size-sm  elementor-field-textual\" required=\"required\">\n\t\t\t\t\t\t\t\t\t\t\t<\/div>\n\t\t\t\t\t\t\t\t<div class=\"elementor-field-type-email elementor-field-group elementor-column elementor-field-group-email elementor-col-100 elementor-field-required\">\n\t\t\t\t\t\t\t\t\t\t\t\t<label for=\"form-field-email\" class=\"elementor-field-label\">\n\t\t\t\t\t\t\t\tCorreo electr\u00f3nico\t\t\t\t\t\t\t<\/label>\n\t\t\t\t\t\t\t\t\t\t\t\t\t\t<input size=\"1\" type=\"email\" name=\"form_fields[email]\" id=\"form-field-email\" class=\"elementor-field elementor-size-sm  elementor-field-textual\" required=\"required\">\n\t\t\t\t\t\t\t\t\t\t\t<\/div>\n\t\t\t\t\t\t\t\t<div class=\"elementor-field-type-textarea elementor-field-group elementor-column elementor-field-group-message elementor-col-100 elementor-field-required\">\n\t\t\t\t\t\t\t\t\t\t\t\t<label for=\"form-field-message\" class=\"elementor-field-label\">\n\t\t\t\t\t\t\t\tMensaje\t\t\t\t\t\t\t<\/label>\n\t\t\t\t\t\t<textarea class=\"elementor-field-textual elementor-field  elementor-size-sm\" name=\"form_fields[message]\" id=\"form-field-message\" rows=\"4\" required=\"required\"><\/textarea>\t\t\t\t<\/div>\n\t\t\t\t\t\t\t\t<div class=\"elementor-field-type-recaptcha_v3 elementor-field-group elementor-column elementor-field-group-field_9686d44 elementor-col-100 recaptcha_v3-bottomright\">\n\t\t\t\t\t<div class=\"elementor-field\" id=\"form-field-field_9686d44\"><div class=\"elementor-g-recaptcha\" data-sitekey=\"6LeIo4wsAAAAAGLbyr2ZadX322AfDJvquTNhSlCh\" data-type=\"v3\" data-action=\"Form\" data-badge=\"bottomright\" data-size=\"invisible\"><\/div><\/div>\t\t\t\t<\/div>\n\t\t\t\t\t\t\t\t<div class=\"elementor-field-type-acceptance elementor-field-group elementor-column elementor-field-group-field_0853aa0 elementor-col-100 elementor-field-required\">\n\t\t\t\t\t\t\t<div class=\"elementor-field-subgroup\">\n\t\t\t<span class=\"elementor-field-option\">\n\t\t\t\t<input type=\"checkbox\" name=\"form_fields[field_0853aa0]\" id=\"form-field-field_0853aa0\" class=\"elementor-field elementor-size-sm  elementor-acceptance-field\" required=\"required\">\n\t\t\t\t<label for=\"form-field-field_0853aa0\">He le\u00eddo y acepto la <a href=\"\/politica-de-privacidad\" target=\"_blank\" rel=\"noopener\" style=\"color:#000000;\">Pol\u00edtica de Privacidad<\/a>\n\n<\/label>\t\t\t<\/span>\n\t\t<\/div>\n\t\t\t\t\t\t<\/div>\n\t\t\t\t\t\t\t\t<div class=\"elementor-field-group elementor-column elementor-field-type-submit elementor-col-100 e-form__buttons\">\n\t\t\t\t\t<button class=\"elementor-button elementor-size-sm\" type=\"submit\">\n\t\t\t\t\t\t<span class=\"elementor-button-content-wrapper\">\n\t\t\t\t\t\t\t\t\t\t\t\t\t\t\t\t\t\t\t\t\t\t<span class=\"elementor-button-text\">Enviar<\/span>\n\t\t\t\t\t\t\t\t\t\t\t\t\t<\/span>\n\t\t\t\t\t<\/button>\n\t\t\t\t<\/div>\n\t\t\t<\/div>\n\t\t<\/form>\n\t\t\t\t\t\t<\/div>\n\t\t\t\t\t<\/div>\n\t\t\t\t<\/div>\n\t\t\t\t<\/div>\n\t\t","protected":false},"excerpt":{"rendered":"<p>contacto Estamos a su disposici\u00f3n para estudiar su proyecto y ofrecerle una soluci\u00f3n \u00f3ptima, adaptada a sus necesidades. Compruebe gracias a nuestra experiencia, la calidad, servicio y gran adaptaci\u00f3n a cualquier sector. Direcci\u00f3n Av. de Alcoy, 2, Los Campello, 03420 Castalla, Alicante Contacto 966 56 06 08info@maybro.es Horario Lunes a viernes:-8:00&#8211;13:00-15:00&#8211;19:00<\/p>","protected":false},"author":1,"featured_media":0,"parent":0,"menu_order":0,"comment_status":"closed","ping_status":"closed","template":"elementor_header_footer","meta":{"footnotes":""},"class_list":["post-97","page","type-page","status-publish","hentry"],"yoast_head":"<!-- This site is optimized with the Yoast SEO plugin v27.2 - https:\/\/yoast.com\/product\/yoast-seo-wordpress\/ -->\n<title>Contacto - Juguetes Maybro, S.L.<\/title>\n<meta name=\"description\" content=\"Compruebe gracias a nuestra experiencia, la calidad, servicio y gran adaptaci\u00f3n a cualquier sector.\" \/>\n<meta name=\"robots\" content=\"index, follow, max-snippet:-1, max-image-preview:large, max-video-preview:-1\" \/>\n<link rel=\"canonical\" href=\"https:\/\/maybro.es\/en\/contacto\/\" \/>\n<meta property=\"og:locale\" content=\"en_GB\" \/>\n<meta property=\"og:type\" content=\"article\" \/>\n<meta property=\"og:title\" content=\"Contacto - Juguetes Maybro, S.L.\" \/>\n<meta property=\"og:description\" content=\"Compruebe gracias a nuestra experiencia, la calidad, servicio y gran adaptaci\u00f3n a cualquier sector.\" \/>\n<meta property=\"og:url\" content=\"https:\/\/maybro.es\/en\/contacto\/\" \/>\n<meta property=\"og:site_name\" content=\"Juguetes Maybro, S.L.\" \/>\n<meta property=\"article:modified_time\" content=\"2026-03-18T09:01:46+00:00\" \/>\n<meta name=\"twitter:card\" content=\"summary_large_image\" \/>\n<meta name=\"twitter:label1\" content=\"Estimated reading time\" \/>\n\t<meta name=\"twitter:data1\" content=\"1 minute\" \/>\n<script type=\"application\/ld+json\" class=\"yoast-schema-graph\">{\"@context\":\"https:\/\/schema.org\",\"@graph\":[{\"@type\":\"WebPage\",\"@id\":\"https:\/\/maybro.es\/contacto\/\",\"url\":\"https:\/\/maybro.es\/contacto\/\",\"name\":\"Contacto - Juguetes Maybro, S.L.\",\"isPartOf\":{\"@id\":\"https:\/\/maybro.es\/#website\"},\"datePublished\":\"2026-02-26T09:56:28+00:00\",\"dateModified\":\"2026-03-18T09:01:46+00:00\",\"description\":\"Compruebe gracias a nuestra experiencia, la calidad, servicio y gran adaptaci\u00f3n a cualquier sector.\",\"breadcrumb\":{\"@id\":\"https:\/\/maybro.es\/contacto\/#breadcrumb\"},\"inLanguage\":\"en-GB\",\"potentialAction\":[{\"@type\":\"ReadAction\",\"target\":[\"https:\/\/maybro.es\/contacto\/\"]}]},{\"@type\":\"BreadcrumbList\",\"@id\":\"https:\/\/maybro.es\/contacto\/#breadcrumb\",\"itemListElement\":[{\"@type\":\"ListItem\",\"position\":1,\"name\":\"Portada\",\"item\":\"https:\/\/maybro.es\/\"},{\"@type\":\"ListItem\",\"position\":2,\"name\":\"Contacto\"}]},{\"@type\":\"WebSite\",\"@id\":\"https:\/\/maybro.es\/#website\",\"url\":\"https:\/\/maybro.es\/\",\"name\":\"Juguetes Maybro, S.L.\",\"description\":\"\",\"publisher\":{\"@id\":\"https:\/\/maybro.es\/#organization\"},\"potentialAction\":[{\"@type\":\"SearchAction\",\"target\":{\"@type\":\"EntryPoint\",\"urlTemplate\":\"https:\/\/maybro.es\/?s={search_term_string}\"},\"query-input\":{\"@type\":\"PropertyValueSpecification\",\"valueRequired\":true,\"valueName\":\"search_term_string\"}}],\"inLanguage\":\"en-GB\"},{\"@type\":\"Organization\",\"@id\":\"https:\/\/maybro.es\/#organization\",\"name\":\"Juguetes Maybro, S.L.\",\"url\":\"https:\/\/maybro.es\/\",\"logo\":{\"@type\":\"ImageObject\",\"inLanguage\":\"en-GB\",\"@id\":\"https:\/\/maybro.es\/#\/schema\/logo\/image\/\",\"url\":\"https:\/\/maybro.es\/wp-content\/uploads\/2026\/02\/LOGO-MAYBRO-b-n.png\",\"contentUrl\":\"https:\/\/maybro.es\/wp-content\/uploads\/2026\/02\/LOGO-MAYBRO-b-n.png\",\"width\":480,\"height\":266,\"caption\":\"Juguetes Maybro, S.L.\"},\"image\":{\"@id\":\"https:\/\/maybro.es\/#\/schema\/logo\/image\/\"}}]}<\/script>\n<!-- \/ Yoast SEO plugin. -->","yoast_head_json":{"title":"Contacto - Juguetes Maybro, S.L.","description":"Compruebe gracias a nuestra experiencia, la calidad, servicio y gran adaptaci\u00f3n a cualquier sector.","robots":{"index":"index","follow":"follow","max-snippet":"max-snippet:-1","max-image-preview":"max-image-preview:large","max-video-preview":"max-video-preview:-1"},"canonical":"https:\/\/maybro.es\/en\/contacto\/","og_locale":"en_GB","og_type":"article","og_title":"Contacto - Juguetes Maybro, S.L.","og_description":"Compruebe gracias a nuestra experiencia, la calidad, servicio y gran adaptaci\u00f3n a cualquier sector.","og_url":"https:\/\/maybro.es\/en\/contacto\/","og_site_name":"Juguetes Maybro, S.L.","article_modified_time":"2026-03-18T09:01:46+00:00","twitter_card":"summary_large_image","twitter_misc":{"Estimated reading time":"1 minute"},"schema":{"@context":"https:\/\/schema.org","@graph":[{"@type":"WebPage","@id":"https:\/\/maybro.es\/contacto\/","url":"https:\/\/maybro.es\/contacto\/","name":"Contacto - Juguetes Maybro, S.L.","isPartOf":{"@id":"https:\/\/maybro.es\/#website"},"datePublished":"2026-02-26T09:56:28+00:00","dateModified":"2026-03-18T09:01:46+00:00","description":"Compruebe gracias a nuestra experiencia, la calidad, servicio y gran adaptaci\u00f3n a cualquier sector.","breadcrumb":{"@id":"https:\/\/maybro.es\/contacto\/#breadcrumb"},"inLanguage":"en-GB","potentialAction":[{"@type":"ReadAction","target":["https:\/\/maybro.es\/contacto\/"]}]},{"@type":"BreadcrumbList","@id":"https:\/\/maybro.es\/contacto\/#breadcrumb","itemListElement":[{"@type":"ListItem","position":1,"name":"Portada","item":"https:\/\/maybro.es\/"},{"@type":"ListItem","position":2,"name":"Contacto"}]},{"@type":"WebSite","@id":"https:\/\/maybro.es\/#website","url":"https:\/\/maybro.es\/","name":"Juguetes Maybro, S.L.","description":"","publisher":{"@id":"https:\/\/maybro.es\/#organization"},"potentialAction":[{"@type":"SearchAction","target":{"@type":"EntryPoint","urlTemplate":"https:\/\/maybro.es\/?s={search_term_string}"},"query-input":{"@type":"PropertyValueSpecification","valueRequired":true,"valueName":"search_term_string"}}],"inLanguage":"en-GB"},{"@type":"Organization","@id":"https:\/\/maybro.es\/#organization","name":"Juguetes Maybro, S.L.","url":"https:\/\/maybro.es\/","logo":{"@type":"ImageObject","inLanguage":"en-GB","@id":"https:\/\/maybro.es\/#\/schema\/logo\/image\/","url":"https:\/\/maybro.es\/wp-content\/uploads\/2026\/02\/LOGO-MAYBRO-b-n.png","contentUrl":"https:\/\/maybro.es\/wp-content\/uploads\/2026\/02\/LOGO-MAYBRO-b-n.png","width":480,"height":266,"caption":"Juguetes Maybro, S.L."},"image":{"@id":"https:\/\/maybro.es\/#\/schema\/logo\/image\/"}}]}},"_links":{"self":[{"href":"https:\/\/maybro.es\/en\/wp-json\/wp\/v2\/pages\/97","targetHints":{"allow":["GET"]}}],"collection":[{"href":"https:\/\/maybro.es\/en\/wp-json\/wp\/v2\/pages"}],"about":[{"href":"https:\/\/maybro.es\/en\/wp-json\/wp\/v2\/types\/page"}],"author":[{"embeddable":true,"href":"https:\/\/maybro.es\/en\/wp-json\/wp\/v2\/users\/1"}],"replies":[{"embeddable":true,"href":"https:\/\/maybro.es\/en\/wp-json\/wp\/v2\/comments?post=97"}],"version-history":[{"count":92,"href":"https:\/\/maybro.es\/en\/wp-json\/wp\/v2\/pages\/97\/revisions"}],"predecessor-version":[{"id":584,"href":"https:\/\/maybro.es\/en\/wp-json\/wp\/v2\/pages\/97\/revisions\/584"}],"wp:attachment":[{"href":"https:\/\/maybro.es\/en\/wp-json\/wp\/v2\/media?parent=97"}],"curies":[{"name":"wp","href":"https:\/\/api.w.org\/{rel}","templated":true}]}}